{"id":1203,"date":"2026-01-13T17:21:52","date_gmt":"2026-01-13T17:21:52","guid":{"rendered":"https:\/\/dnathailand.com\/prenatal-dna-test\/"},"modified":"2026-02-11T16:23:25","modified_gmt":"2026-02-11T16:23:25","slug":"prenatal-dna-test","status":"publish","type":"page","link":"https:\/\/dnathailand.com\/vi\/prenatal-dna-test\/","title":{"rendered":"D\u1ecbch v\u1ee5 x\u00e9t nghi\u1ec7m DNA tr\u01b0\u1edbc sinh"},"content":{"rendered":"\t\t<div data-elementor-type=\"wp-page\" data-elementor-id=\"1203\" class=\"elementor elementor-1203 elementor-51\" data-elementor-post-type=\"page\">\n\t\t\t\t<div class=\"elementor-element elementor-element-c183e70 e-flex e-con-boxed e-con e-child\" data-id=\"c183e70\" data-element_type=\"container\" data-settings=\"{&quot;background_background&quot;:&quot;classic&quot;}\">\n\t\t\t\t\t<div class=\"e-con-inner\">\n\t\t<div class=\"elementor-element elementor-element-601b50d e-con-full e-flex e-con e-child\" data-id=\"601b50d\" data-element_type=\"container\">\n\t\t\t\t<div class=\"elementor-element elementor-element-fe8d8bb elementor-invisible elementor-widget elementor-widget-heading\" data-id=\"fe8d8bb\" data-element_type=\"widget\" data-settings=\"{&quot;_animation&quot;:&quot;fadeInRight&quot;}\" data-widget_type=\"heading.default\">\n\t\t\t\t\t<h1 class=\"elementor-heading-title elementor-size-default\">D\u1ecbch v\u1ee5 x\u00e9t nghi\u1ec7m DNA tr\u01b0\u1edbc sinh<\/h1>\t\t\t\t<\/div>\n\t\t\t\t<div class=\"elementor-element elementor-element-364af2d elementor-icon-list--layout-inline elementor-list-item-link-full_width elementor-invisible elementor-widget elementor-widget-icon-list\" data-id=\"364af2d\" data-element_type=\"widget\" data-settings=\"{&quot;_animation&quot;:&quot;fadeInRight&quot;,&quot;_animation_delay&quot;:240}\" data-widget_type=\"icon-list.default\">\n\t\t\t\t\t\t\t<ul class=\"elementor-icon-list-items elementor-inline-items\">\n\t\t\t\t\t\t\t<li class=\"elementor-icon-list-item elementor-inline-item\">\n\t\t\t\t\t\t\t\t\t\t\t<a href=\"#\">\n\n\t\t\t\t\t\t\t\t\t\t\t<span class=\"elementor-icon-list-text\">Trang ch\u1ee7<\/span>\n\t\t\t\t\t\t\t\t\t\t\t<\/a>\n\t\t\t\t\t\t\t\t\t<\/li>\n\t\t\t\t\t\t\t\t<li class=\"elementor-icon-list-item elementor-inline-item\">\n\t\t\t\t\t\t\t\t\t\t\t<span class=\"elementor-icon-list-icon\">\n\t\t\t\t\t\t\t<svg aria-hidden=\"true\" class=\"e-font-icon-svg e-fas-angle-double-right\" viewBox=\"0 0 448 512\" xmlns=\"http:\/\/www.w3.org\/2000\/svg\"><path d=\"M224.3 273l-136 136c-9.4 9.4-24.6 9.4-33.9 0l-22.6-22.6c-9.4-9.4-9.4-24.6 0-33.9l96.4-96.4-96.4-96.4c-9.4-9.4-9.4-24.6 0-33.9L54.3 103c9.4-9.4 24.6-9.4 33.9 0l136 136c9.5 9.4 9.5 24.6.1 34zm192-34l-136-136c-9.4-9.4-24.6-9.4-33.9 0l-22.6 22.6c-9.4 9.4-9.4 24.6 0 33.9l96.4 96.4-96.4 96.4c-9.4 9.4-9.4 24.6 0 33.9l22.6 22.6c9.4 9.4 24.6 9.4 33.9 0l136-136c9.4-9.2 9.4-24.4 0-33.8z\"><\/path><\/svg>\t\t\t\t\t\t<\/span>\n\t\t\t\t\t\t\t\t\t\t<span class=\"elementor-icon-list-text\">D\u1ecbch v\u1ee5<\/span>\n\t\t\t\t\t\t\t\t\t<\/li>\n\t\t\t\t\t\t\t\t<li class=\"elementor-icon-list-item elementor-inline-item\">\n\t\t\t\t\t\t\t\t\t\t\t<span class=\"elementor-icon-list-icon\">\n\t\t\t\t\t\t\t<svg aria-hidden=\"true\" class=\"e-font-icon-svg e-fas-angle-double-right\" viewBox=\"0 0 448 512\" xmlns=\"http:\/\/www.w3.org\/2000\/svg\"><path d=\"M224.3 273l-136 136c-9.4 9.4-24.6 9.4-33.9 0l-22.6-22.6c-9.4-9.4-9.4-24.6 0-33.9l96.4-96.4-96.4-96.4c-9.4-9.4-9.4-24.6 0-33.9L54.3 103c9.4-9.4 24.6-9.4 33.9 0l136 136c9.5 9.4 9.5 24.6.1 34zm192-34l-136-136c-9.4-9.4-24.6-9.4-33.9 0l-22.6 22.6c-9.4 9.4-9.4 24.6 0 33.9l96.4 96.4-96.4 96.4c-9.4 9.4-9.4 24.6 0 33.9l22.6 22.6c9.4 9.4 24.6 9.4 33.9 0l136-136c9.4-9.2 9.4-24.4 0-33.8z\"><\/path><\/svg>\t\t\t\t\t\t<\/span>\n\t\t\t\t\t\t\t\t\t\t<span class=\"elementor-icon-list-text\">D\u1ecbch v\u1ee5 x\u00e9t nghi\u1ec7m DNA tr\u01b0\u1edbc sinh<\/span>\n\t\t\t\t\t\t\t\t\t<\/li>\n\t\t\t\t\t\t<\/ul>\n\t\t\t\t\t\t<\/div>\n\t\t\t\t<\/div>\n\t\t\t\t\t<\/div>\n\t\t\t\t<\/div>\n\t\t<div class=\"elementor-element elementor-element-6a5fdfc e-flex e-con-boxed e-con e-parent\" data-id=\"6a5fdfc\" data-element_type=\"container\">\n\t\t\t\t\t<div class=\"e-con-inner\">\n\t\t\t\t<div class=\"elementor-element elementor-element-c4cc6d7 elementor-widget elementor-widget-text-editor\" data-id=\"c4cc6d7\" data-element_type=\"widget\" data-widget_type=\"text-editor.default\">\n\t\t\t\t\t\t\t\t\t<p data-path-to-node=\"2\">X\u00e9t nghi\u1ec7m ADN thai nhi c\u00f3 th\u1ec3 x\u00e1c \u0111\u1ecbnh quan h\u1ec7 cha con ngay c\u1ea3 khi \u0111\u1ee9a tr\u1ebb ch\u01b0a ch\u00e0o \u0111\u1eddi. Ph\u01b0\u01a1ng ph\u00e1p n\u00e0y th\u1ef1c hi\u1ec7n \u0111\u1ed1i chi\u1ebfu b\u1ea3n \u0111\u1ed3 di truy\u1ec1n gi\u1eefa thai nhi v\u1edbi ng\u01b0\u1eddi cha nghi v\u1ea5n v\u00e0 ng\u01b0\u1eddi m\u1eb9. Trong quy tr\u00ecnh n\u00e0y, vi\u1ec7c thu m\u1eabu c\u1ee7a ng\u01b0\u1eddi m\u1eb9 l\u00e0 b\u1eaft bu\u1ed9c v\u00ec trong qu\u00e1 tr\u00ecnh l\u1ea5y m\u1eabu thai nhi c\u00f3 th\u1ec3 l\u1eabn ADN c\u1ee7a m\u1eb9.<\/p><p data-path-to-node=\"3\">Vi\u1ec7c th\u1ef1c hi\u1ec7n x\u00e9t nghi\u1ec7m ADN thai nhi nh\u1ea5t \u0111\u1ecbnh ph\u1ea3i c\u00f3 s\u1ef1 t\u01b0 v\u1ea5n c\u1ee7a b\u00e1c s\u0129 s\u1ea3n ph\u1ee5 khoa tr\u01b0\u1edbc khi ti\u1ebfn h\u00e0nh.<\/p><ul data-path-to-node=\"4\"><li><p data-path-to-node=\"4,0,0\"><b data-path-to-node=\"4,0,0\" data-index-in-node=\"0\">L\u1ea5y m\u1eabu l\u00f4ng nhung m\u00e0ng \u0111\u1ec7m (CVS):<\/b> L\u00e0 ph\u01b0\u01a1ng ph\u00e1p thu th\u1eadp m\u1eabu ADN t\u1eeb nhau thai khi thai nhi \u0111\u01b0\u1ee3c 10-13 tu\u1ea7n tu\u1ed5i. M\u1eabu \u0111\u01b0\u1ee3c l\u1ea5y th\u00f4ng qua ng\u1ea3 \u00e2m \u0111\u1ea1o ho\u1eb7c th\u00e0nh b\u1ee5ng \u0e41\u0e25\u0e30 ph\u1ea3i \u0111\u01b0\u1ee3c th\u1ef1c hi\u1ec7n b\u1edfi b\u00e1c s\u0129 s\u1ea3n khoa.<\/p><\/li><li><p data-path-to-node=\"4,1,0\"><b data-path-to-node=\"4,1,0\" data-index-in-node=\"0\">Ch\u1ecdc d\u00f2 d\u1ecbch \u1ed1i (Amniocentesis):<\/b> M\u1eabu n\u01b0\u1edbc \u1ed1i c\u00f3 th\u1ec3 \u0111\u01b0\u1ee3c thu th\u1eadp khi thai nhi t\u1eeb 14-24 tu\u1ea7n tu\u1ed5i. Quy tr\u00ecnh n\u00e0y \u0111\u01b0\u1ee3c th\u1ef1c hi\u1ec7n b\u1eb1ng c\u00e1ch ch\u1ecdc kim qua th\u00e0nh b\u1ee5ng. Vi\u1ec7c l\u1ea5y n\u01b0\u1edbc \u1ed1i b\u1eaft bu\u1ed9c ph\u1ea3i \u0111\u01b0\u1ee3c t\u01b0 v\u1ea5n v\u00e0 th\u1ef1c hi\u1ec7n tr\u1ef1c ti\u1ebfp b\u1edfi b\u00e1c s\u0129 s\u1ea3n khoa.<\/p><\/li><\/ul>\t\t\t\t\t\t\t\t<\/div>\n\t\t\t\t\t<\/div>\n\t\t\t\t<\/div>\n\t\t\t\t<\/div>\n\t\t","protected":false},"excerpt":{"rendered":"<p>Trang ch\u1ee7 D\u1ecbch v\u1ee5 X\u00e9t nghi\u1ec7m ADN thai nhi c\u00f3 th\u1ec3 x\u00e1c \u0111\u1ecbnh quan h\u1ec7 cha con ngay c\u1ea3 khi \u0111\u1ee9a tr\u1ebb ch\u01b0a ch\u00e0o \u0111\u1eddi. Ph\u01b0\u01a1ng ph\u00e1p n\u00e0y th\u1ef1c hi\u1ec7n \u0111\u1ed1i chi\u1ebfu b\u1ea3n \u0111\u1ed3 di truy\u1ec1n gi\u1eefa thai nhi v\u1edbi ng\u01b0\u1eddi cha nghi v\u1ea5n v\u00e0 ng\u01b0\u1eddi m\u1eb9. Trong quy tr\u00ecnh n\u00e0y, vi\u1ec7c thu m\u1eabu c\u1ee7a [&hellip;]<\/p>\n","protected":false},"author":1,"featured_media":0,"parent":0,"menu_order":0,"comment_status":"closed","ping_status":"closed","template":"","meta":{"footnotes":""},"class_list":["post-1203","page","type-page","status-publish","hentry"],"_links":{"self":[{"href":"https:\/\/dnathailand.com\/vi\/wp-json\/wp\/v2\/pages\/1203","targetHints":{"allow":["GET"]}}],"collection":[{"href":"https:\/\/dnathailand.com\/vi\/wp-json\/wp\/v2\/pages"}],"about":[{"href":"https:\/\/dnathailand.com\/vi\/wp-json\/wp\/v2\/types\/page"}],"author":[{"embeddable":true,"href":"https:\/\/dnathailand.com\/vi\/wp-json\/wp\/v2\/users\/1"}],"replies":[{"embeddable":true,"href":"https:\/\/dnathailand.com\/vi\/wp-json\/wp\/v2\/comments?post=1203"}],"version-history":[{"count":9,"href":"https:\/\/dnathailand.com\/vi\/wp-json\/wp\/v2\/pages\/1203\/revisions"}],"predecessor-version":[{"id":1975,"href":"https:\/\/dnathailand.com\/vi\/wp-json\/wp\/v2\/pages\/1203\/revisions\/1975"}],"wp:attachment":[{"href":"https:\/\/dnathailand.com\/vi\/wp-json\/wp\/v2\/media?parent=1203"}],"curies":[{"name":"wp","href":"https:\/\/api.w.org\/{rel}","templated":true}]}}