{"id":1197,"date":"2026-01-13T17:24:40","date_gmt":"2026-01-13T17:24:40","guid":{"rendered":"https:\/\/dnathailand.com\/avuncular-dna-test\/"},"modified":"2026-02-11T16:23:50","modified_gmt":"2026-02-11T16:23:50","slug":"avuncular-dna-test","status":"publish","type":"page","link":"https:\/\/dnathailand.com\/vi\/avuncular-dna-test\/","title":{"rendered":"X\u00e9t nghi\u1ec7m DNA x\u00e1c \u0111\u1ecbnh quan h\u1ec7 h\u1ecd h\u00e0ng"},"content":{"rendered":"\t\t<div data-elementor-type=\"wp-page\" data-elementor-id=\"1197\" class=\"elementor elementor-1197 elementor-61\" data-elementor-post-type=\"page\">\n\t\t\t\t<div class=\"elementor-element elementor-element-dff05f2 e-flex e-con-boxed e-con e-child\" data-id=\"dff05f2\" data-element_type=\"container\" data-settings=\"{&quot;background_background&quot;:&quot;classic&quot;}\">\n\t\t\t\t\t<div class=\"e-con-inner\">\n\t\t<div class=\"elementor-element elementor-element-ad43478 e-con-full e-flex e-con e-child\" data-id=\"ad43478\" data-element_type=\"container\">\n\t\t\t\t<div class=\"elementor-element elementor-element-1bfb226 elementor-invisible elementor-widget elementor-widget-heading\" data-id=\"1bfb226\" data-element_type=\"widget\" data-settings=\"{&quot;_animation&quot;:&quot;fadeInRight&quot;}\" data-widget_type=\"heading.default\">\n\t\t\t\t\t<h1 class=\"elementor-heading-title elementor-size-default\">X\u00e9t nghi\u1ec7m DNA x\u00e1c \u0111\u1ecbnh quan h\u1ec7 h\u1ecd h\u00e0ng<\/h1>\t\t\t\t<\/div>\n\t\t\t\t<div class=\"elementor-element elementor-element-83cbf3b elementor-icon-list--layout-inline elementor-list-item-link-full_width elementor-invisible elementor-widget elementor-widget-icon-list\" data-id=\"83cbf3b\" data-element_type=\"widget\" data-settings=\"{&quot;_animation&quot;:&quot;fadeInRight&quot;,&quot;_animation_delay&quot;:240}\" data-widget_type=\"icon-list.default\">\n\t\t\t\t\t\t\t<ul class=\"elementor-icon-list-items elementor-inline-items\">\n\t\t\t\t\t\t\t<li class=\"elementor-icon-list-item elementor-inline-item\">\n\t\t\t\t\t\t\t\t\t\t\t<a href=\"#\">\n\n\t\t\t\t\t\t\t\t\t\t\t<span class=\"elementor-icon-list-text\">Trang ch\u1ee7<\/span>\n\t\t\t\t\t\t\t\t\t\t\t<\/a>\n\t\t\t\t\t\t\t\t\t<\/li>\n\t\t\t\t\t\t\t\t<li class=\"elementor-icon-list-item elementor-inline-item\">\n\t\t\t\t\t\t\t\t\t\t\t<a href=\"#\">\n\n\t\t\t\t\t\t\t\t\t\t\t\t<span class=\"elementor-icon-list-icon\">\n\t\t\t\t\t\t\t<svg aria-hidden=\"true\" class=\"e-font-icon-svg e-fas-angle-double-right\" viewBox=\"0 0 448 512\" xmlns=\"http:\/\/www.w3.org\/2000\/svg\"><path d=\"M224.3 273l-136 136c-9.4 9.4-24.6 9.4-33.9 0l-22.6-22.6c-9.4-9.4-9.4-24.6 0-33.9l96.4-96.4-96.4-96.4c-9.4-9.4-9.4-24.6 0-33.9L54.3 103c9.4-9.4 24.6-9.4 33.9 0l136 136c9.5 9.4 9.5 24.6.1 34zm192-34l-136-136c-9.4-9.4-24.6-9.4-33.9 0l-22.6 22.6c-9.4 9.4-9.4 24.6 0 33.9l96.4 96.4-96.4 96.4c-9.4 9.4-9.4 24.6 0 33.9l22.6 22.6c9.4 9.4 24.6 9.4 33.9 0l136-136c9.4-9.2 9.4-24.4 0-33.8z\"><\/path><\/svg>\t\t\t\t\t\t<\/span>\n\t\t\t\t\t\t\t\t\t\t<span class=\"elementor-icon-list-text\">D\u1ecbch v\u1ee5<\/span>\n\t\t\t\t\t\t\t\t\t\t\t<\/a>\n\t\t\t\t\t\t\t\t\t<\/li>\n\t\t\t\t\t\t\t\t<li class=\"elementor-icon-list-item elementor-inline-item\">\n\t\t\t\t\t\t\t\t\t\t\t<a href=\"#\">\n\n\t\t\t\t\t\t\t\t\t\t\t\t<span class=\"elementor-icon-list-icon\">\n\t\t\t\t\t\t\t<svg aria-hidden=\"true\" class=\"e-font-icon-svg e-fas-angle-double-right\" viewBox=\"0 0 448 512\" xmlns=\"http:\/\/www.w3.org\/2000\/svg\"><path d=\"M224.3 273l-136 136c-9.4 9.4-24.6 9.4-33.9 0l-22.6-22.6c-9.4-9.4-9.4-24.6 0-33.9l96.4-96.4-96.4-96.4c-9.4-9.4-9.4-24.6 0-33.9L54.3 103c9.4-9.4 24.6-9.4 33.9 0l136 136c9.5 9.4 9.5 24.6.1 34zm192-34l-136-136c-9.4-9.4-24.6-9.4-33.9 0l-22.6 22.6c-9.4 9.4-9.4 24.6 0 33.9l96.4 96.4-96.4 96.4c-9.4 9.4-9.4 24.6 0 33.9l22.6 22.6c9.4 9.4 24.6 9.4 33.9 0l136-136c9.4-9.2 9.4-24.4 0-33.8z\"><\/path><\/svg>\t\t\t\t\t\t<\/span>\n\t\t\t\t\t\t\t\t\t\t<span class=\"elementor-icon-list-text\">X\u00e9t nghi\u1ec7m DNA x\u00e1c \u0111\u1ecbnh quan h\u1ec7 h\u1ecd h\u00e0ng<\/span>\n\t\t\t\t\t\t\t\t\t\t\t<\/a>\n\t\t\t\t\t\t\t\t\t<\/li>\n\t\t\t\t\t\t<\/ul>\n\t\t\t\t\t\t<\/div>\n\t\t\t\t<\/div>\n\t\t\t\t\t<\/div>\n\t\t\t\t<\/div>\n\t\t<div class=\"elementor-element elementor-element-7d8c583 e-flex e-con-boxed e-con e-parent\" data-id=\"7d8c583\" data-element_type=\"container\">\n\t\t\t\t\t<div class=\"e-con-inner\">\n\t\t\t\t<div class=\"elementor-element elementor-element-94f89b3 elementor-widget elementor-widget-text-editor\" data-id=\"94f89b3\" data-element_type=\"widget\" data-widget_type=\"text-editor.default\">\n\t\t\t\t\t\t\t\t\t<p data-path-to-node=\"2\">X\u00e9t nghi\u1ec7m ADN c\u00f4, d\u00ec, ch\u00fa, b\u00e1c l\u00e0 ph\u01b0\u01a1ng ph\u00e1p nh\u1eb1m x\u00e1c minh li\u1ec7u c\u00f3 m\u1ed1i quan h\u1ec7 huy\u1ebft th\u1ed1ng gi\u1eefa h\u1ecd h\u00e0ng (anh ch\u1ecb em c\u1ee7a cha\/m\u1eb9) v\u00e0 ch\u00e1u hay kh\u00f4ng. Th\u00f4ng th\u01b0\u1eddng, c\u00f4, d\u00ec, ch\u00fa, b\u00e1c ch\u1ec9 chia s\u1ebb kho\u1ea3ng 25% l\u01b0\u1ee3ng gen t\u01b0\u01a1ng \u0111\u1ed3ng v\u1edbi ch\u00e1u. Do \u0111\u00f3, x\u00e9t nghi\u1ec7m n\u00e0y kh\u00f4ng th\u1ec3 \u0111\u01b0a ra k\u1ebft qu\u1ea3 ch\u00ednh x\u00e1c tuy\u1ec7t \u0111\u1ed1i nh\u01b0 x\u00e9t nghi\u1ec7m cha con tr\u1ef1c ti\u1ebfp, v\u00ec n\u1ed3ng \u0111\u1ed9 gen di truy\u1ec1n \u0111\u00e3 b\u1ecb gi\u1ea3m \u0111i g\u1ea5p 2 l\u1ea7n. K\u1ebft qu\u1ea3 c\u1ee7a lo\u1ea1i x\u00e9t nghi\u1ec7m n\u00e0y s\u1ebd \u0111\u01b0\u1ee3c th\u1ec3 hi\u1ec7n d\u01b0\u1edbi d\u1ea1ng ch\u1ec9 s\u1ed1 x\u00e1c su\u1ea5t v\u1ec1 m\u1ed1i quan h\u1ec7.<\/p><p data-path-to-node=\"3\">V\u00ec v\u1eady, \u0111\u1ec3 t\u0103ng c\u01b0\u1eddng \u0111\u1ed9 tin c\u1eady cho lo\u1ea1i x\u00e9t nghi\u1ec7m n\u00e0y, ch\u00fang t\u00f4i khuy\u1ebfn kh\u00edch n\u00ean c\u00f3 th\u00eam m\u1eabu c\u1ee7a cha ho\u1eb7c m\u1eb9 \u0111\u1ee9a tr\u1ebb (th\u00f4ng th\u01b0\u1eddng l\u00e0 m\u1eabu c\u1ee7a ng\u01b0\u1eddi m\u1eb9) tham gia c\u00f9ng. Trong tr\u01b0\u1eddng h\u1ee3p kh\u00f4ng c\u00f3 m\u1eabu c\u1ee7a cha m\u1eb9, c\u00f3 th\u1ec3 \u00e1p d\u1ee5ng th\u00eam c\u00e1c ph\u01b0\u01a1ng ph\u00e1p x\u00e9t nghi\u1ec7m b\u1ed5 tr\u1ee3 kh\u00e1c \u0111\u1ec3 l\u00e0m r\u00f5 k\u1ebft qu\u1ea3.<\/p><p><a href=\"https:\/\/dnathailand.com\/contact-us\/\">Vui l\u00f2ng li\u00ean h\u1ec7 tr\u1ef1c ti\u1ebfp v\u1edbi chuy\u00ean vi\u00ean \u0111\u1ec3 \u0111\u01b0\u1ee3c t\u01b0 v\u1ea5n th\u00eam chi ti\u1ebft.<\/a><\/p>\t\t\t\t\t\t\t\t<\/div>\n\t\t\t\t\t<\/div>\n\t\t\t\t<\/div>\n\t\t\t\t<\/div>\n\t\t","protected":false},"excerpt":{"rendered":"<p>Trang ch\u1ee7 D\u1ecbch v\u1ee5 X\u00e9t nghi\u1ec7m ADN c\u00f4, d\u00ec, ch\u00fa, b\u00e1c l\u00e0 ph\u01b0\u01a1ng ph\u00e1p nh\u1eb1m x\u00e1c minh li\u1ec7u c\u00f3 m\u1ed1i quan h\u1ec7 huy\u1ebft th\u1ed1ng gi\u1eefa h\u1ecd h\u00e0ng (anh ch\u1ecb em c\u1ee7a cha\/m\u1eb9) v\u00e0 ch\u00e1u hay kh\u00f4ng. Th\u00f4ng th\u01b0\u1eddng, c\u00f4, d\u00ec, ch\u00fa, b\u00e1c ch\u1ec9 chia s\u1ebb kho\u1ea3ng 25% l\u01b0\u1ee3ng gen t\u01b0\u01a1ng \u0111\u1ed3ng v\u1edbi ch\u00e1u. Do \u0111\u00f3, [&hellip;]<\/p>\n","protected":false},"author":1,"featured_media":0,"parent":0,"menu_order":0,"comment_status":"closed","ping_status":"closed","template":"","meta":{"footnotes":""},"class_list":["post-1197","page","type-page","status-publish","hentry"],"_links":{"self":[{"href":"https:\/\/dnathailand.com\/vi\/wp-json\/wp\/v2\/pages\/1197","targetHints":{"allow":["GET"]}}],"collection":[{"href":"https:\/\/dnathailand.com\/vi\/wp-json\/wp\/v2\/pages"}],"about":[{"href":"https:\/\/dnathailand.com\/vi\/wp-json\/wp\/v2\/types\/page"}],"author":[{"embeddable":true,"href":"https:\/\/dnathailand.com\/vi\/wp-json\/wp\/v2\/users\/1"}],"replies":[{"embeddable":true,"href":"https:\/\/dnathailand.com\/vi\/wp-json\/wp\/v2\/comments?post=1197"}],"version-history":[{"count":13,"href":"https:\/\/dnathailand.com\/vi\/wp-json\/wp\/v2\/pages\/1197\/revisions"}],"predecessor-version":[{"id":1978,"href":"https:\/\/dnathailand.com\/vi\/wp-json\/wp\/v2\/pages\/1197\/revisions\/1978"}],"wp:attachment":[{"href":"https:\/\/dnathailand.com\/vi\/wp-json\/wp\/v2\/media?parent=1197"}],"curies":[{"name":"wp","href":"https:\/\/api.w.org\/{rel}","templated":true}]}}