{"id":1191,"date":"2026-01-13T17:20:43","date_gmt":"2026-01-13T17:20:43","guid":{"rendered":"https:\/\/dnathailand.com\/dna-maternity-test\/"},"modified":"2026-02-11T16:23:58","modified_gmt":"2026-02-11T16:23:58","slug":"dna-maternity-test","status":"publish","type":"page","link":"https:\/\/dnathailand.com\/vi\/dna-maternity-test\/","title":{"rendered":"X\u00e9t nghi\u1ec7m DNA x\u00e1c \u0111\u1ecbnh quan h\u1ec7 m\u1eb9 con"},"content":{"rendered":"\t\t<div data-elementor-type=\"wp-page\" data-elementor-id=\"1191\" class=\"elementor elementor-1191 elementor-45\" data-elementor-post-type=\"page\">\n\t\t\t\t<div class=\"elementor-element elementor-element-1808f63 e-flex e-con-boxed e-con e-child\" data-id=\"1808f63\" data-element_type=\"container\" data-settings=\"{&quot;background_background&quot;:&quot;classic&quot;}\">\n\t\t\t\t\t<div class=\"e-con-inner\">\n\t\t<div class=\"elementor-element elementor-element-74eae51 e-con-full e-flex e-con e-child\" data-id=\"74eae51\" data-element_type=\"container\">\n\t\t\t\t<div class=\"elementor-element elementor-element-9ccc8c8 elementor-invisible elementor-widget elementor-widget-heading\" data-id=\"9ccc8c8\" data-element_type=\"widget\" data-settings=\"{&quot;_animation&quot;:&quot;fadeInRight&quot;}\" data-widget_type=\"heading.default\">\n\t\t\t\t\t<h1 class=\"elementor-heading-title elementor-size-default\">X\u00e9t nghi\u1ec7m DNA x\u00e1c \u0111\u1ecbnh quan h\u1ec7 m\u1eb9 con<\/h1>\t\t\t\t<\/div>\n\t\t\t\t<div class=\"elementor-element elementor-element-c3593cf elementor-icon-list--layout-inline elementor-list-item-link-full_width elementor-invisible elementor-widget elementor-widget-icon-list\" data-id=\"c3593cf\" data-element_type=\"widget\" data-settings=\"{&quot;_animation&quot;:&quot;fadeInRight&quot;,&quot;_animation_delay&quot;:240}\" data-widget_type=\"icon-list.default\">\n\t\t\t\t\t\t\t<ul class=\"elementor-icon-list-items elementor-inline-items\">\n\t\t\t\t\t\t\t<li class=\"elementor-icon-list-item elementor-inline-item\">\n\t\t\t\t\t\t\t\t\t\t\t<a href=\"#\">\n\n\t\t\t\t\t\t\t\t\t\t\t<span class=\"elementor-icon-list-text\">Trang ch\u1ee7<\/span>\n\t\t\t\t\t\t\t\t\t\t\t<\/a>\n\t\t\t\t\t\t\t\t\t<\/li>\n\t\t\t\t\t\t\t\t<li class=\"elementor-icon-list-item elementor-inline-item\">\n\t\t\t\t\t\t\t\t\t\t\t<span class=\"elementor-icon-list-icon\">\n\t\t\t\t\t\t\t<svg aria-hidden=\"true\" class=\"e-font-icon-svg e-fas-angle-double-right\" viewBox=\"0 0 448 512\" xmlns=\"http:\/\/www.w3.org\/2000\/svg\"><path d=\"M224.3 273l-136 136c-9.4 9.4-24.6 9.4-33.9 0l-22.6-22.6c-9.4-9.4-9.4-24.6 0-33.9l96.4-96.4-96.4-96.4c-9.4-9.4-9.4-24.6 0-33.9L54.3 103c9.4-9.4 24.6-9.4 33.9 0l136 136c9.5 9.4 9.5 24.6.1 34zm192-34l-136-136c-9.4-9.4-24.6-9.4-33.9 0l-22.6 22.6c-9.4 9.4-9.4 24.6 0 33.9l96.4 96.4-96.4 96.4c-9.4 9.4-9.4 24.6 0 33.9l22.6 22.6c9.4 9.4 24.6 9.4 33.9 0l136-136c9.4-9.2 9.4-24.4 0-33.8z\"><\/path><\/svg>\t\t\t\t\t\t<\/span>\n\t\t\t\t\t\t\t\t\t\t<span class=\"elementor-icon-list-text\">D\u1ecbch v\u1ee5<\/span>\n\t\t\t\t\t\t\t\t\t<\/li>\n\t\t\t\t\t\t\t\t<li class=\"elementor-icon-list-item elementor-inline-item\">\n\t\t\t\t\t\t\t\t\t\t\t<span class=\"elementor-icon-list-icon\">\n\t\t\t\t\t\t\t<svg aria-hidden=\"true\" class=\"e-font-icon-svg e-fas-angle-double-right\" viewBox=\"0 0 448 512\" xmlns=\"http:\/\/www.w3.org\/2000\/svg\"><path d=\"M224.3 273l-136 136c-9.4 9.4-24.6 9.4-33.9 0l-22.6-22.6c-9.4-9.4-9.4-24.6 0-33.9l96.4-96.4-96.4-96.4c-9.4-9.4-9.4-24.6 0-33.9L54.3 103c9.4-9.4 24.6-9.4 33.9 0l136 136c9.5 9.4 9.5 24.6.1 34zm192-34l-136-136c-9.4-9.4-24.6-9.4-33.9 0l-22.6 22.6c-9.4 9.4-9.4 24.6 0 33.9l96.4 96.4-96.4 96.4c-9.4 9.4-9.4 24.6 0 33.9l22.6 22.6c9.4 9.4 24.6 9.4 33.9 0l136-136c9.4-9.2 9.4-24.4 0-33.8z\"><\/path><\/svg>\t\t\t\t\t\t<\/span>\n\t\t\t\t\t\t\t\t\t\t<span class=\"elementor-icon-list-text\">X\u00e9t nghi\u1ec7m DNA x\u00e1c \u0111\u1ecbnh quan h\u1ec7 m\u1eb9 con<\/span>\n\t\t\t\t\t\t\t\t\t<\/li>\n\t\t\t\t\t\t<\/ul>\n\t\t\t\t\t\t<\/div>\n\t\t\t\t<\/div>\n\t\t\t\t\t<\/div>\n\t\t\t\t<\/div>\n\t\t<div class=\"elementor-element elementor-element-8c554d9 e-flex e-con-boxed e-con e-parent\" data-id=\"8c554d9\" data-element_type=\"container\">\n\t\t\t\t\t<div class=\"e-con-inner\">\n\t\t\t\t<div class=\"elementor-element elementor-element-cc8f8d5 elementor-widget elementor-widget-text-editor\" data-id=\"cc8f8d5\" data-element_type=\"widget\" data-widget_type=\"text-editor.default\">\n\t\t\t\t\t\t\t\t\t<p data-path-to-node=\"2\">X\u00e9t nghi\u1ec7m ADN x\u00e1c \u0111\u1ecbnh quan h\u1ec7 m\u1eabu t\u1eed (m\u1eb9 &#8211; con) c\u00f3 quy tr\u00ecnh thu m\u1eabu v\u00e0 ph\u01b0\u01a1ng ph\u00e1p ki\u1ec3m tra t\u01b0\u01a1ng t\u1ef1 nh\u01b0 x\u00e9t nghi\u1ec7m ADN cha con. \u0110i\u1ec3m kh\u00e1c bi\u1ec7t duy nh\u1ea5t l\u00e0 ch\u00fang t\u00f4i s\u1ebd th\u1ef1c hi\u1ec7n \u0111\u1ed1i chi\u1ebfu b\u1ea3n \u0111\u1ed3 di truy\u1ec1n c\u1ee7a \u0111\u1ee9a tr\u1ebb v\u1edbi ng\u01b0\u1eddi m\u1eb9 nghi v\u1ea5n.<\/p><p data-path-to-node=\"3\">X\u00e9t nghi\u1ec7m ADN m\u1eabu t\u1eed th\u01b0\u1eddng \u0111\u01b0\u1ee3c s\u1eed d\u1ee5ng trong c\u00e1c tr\u01b0\u1eddng h\u1ee3p nh\u1eadn con nu\u00f4i (c\u1ea7n x\u00e1c nh\u1eadn th\u00f4ng tin di truy\u1ec1n c\u1ee7a ng\u01b0\u1eddi m\u1eb9) ho\u1eb7c trong c\u00e1c tr\u01b0\u1eddng h\u1ee3p nghi ng\u1edd nh\u1ea7m l\u1eabn con t\u1ea1i b\u1ec7nh vi\u1ec7n.<\/p><ul data-path-to-node=\"4\"><li><p data-path-to-node=\"4,0,0\">Ph\u00e2n t\u00edch v\u00e0 \u0111\u1ed1i chi\u1ebfu 24 v\u1ecb tr\u00ed ADN (markers).<\/p><\/li><li><p data-path-to-node=\"4,1,0\">Cam k\u1ebft k\u1ebft qu\u1ea3 ch\u00ednh x\u00e1c tuy\u1ec7t \u0111\u1ed1i 99.999%.<\/p><\/li><li><p data-path-to-node=\"4,2,0\">Thu th\u1eadp m\u1eabu t\u1eeb t\u1ebf b\u00e0o ni\u00eam m\u1ea1c mi\u1ec7ng ho\u1eb7c c\u00e1c lo\u1ea1i m\u1eabu kh\u00e1c c\u1ee7a m\u1eb9 v\u00e0 con.<\/p><\/li><li><p data-path-to-node=\"4,3,0\">Nh\u1eadn k\u1ebft qu\u1ea3 nhanh ch\u00f3ng trong v\u00f2ng 1-3 ng\u00e0y l\u00e0m vi\u1ec7c.<\/p><\/li><li><p data-path-to-node=\"4,4,0\">Cung c\u1ea5p c\u1ea3 d\u1ecbch v\u1ee5 x\u00e9t nghi\u1ec7m t\u1ef1 nguy\u1ec7n (bi\u1ebft s\u1ef1 th\u1eadt) v\u00e0 x\u00e9t nghi\u1ec7m ph\u00e1p l\u00fd (d\u00f9ng cho th\u1ee7 t\u1ee5c h\u00e0nh ch\u00ednh).<\/p><\/li><\/ul>\t\t\t\t\t\t\t\t<\/div>\n\t\t\t\t\t<\/div>\n\t\t\t\t<\/div>\n\t\t\t\t<\/div>\n\t\t","protected":false},"excerpt":{"rendered":"<p>Trang ch\u1ee7 D\u1ecbch v\u1ee5 X\u00e9t nghi\u1ec7m ADN x\u00e1c \u0111\u1ecbnh quan h\u1ec7 m\u1eabu t\u1eed (m\u1eb9 &#8211; con) c\u00f3 quy tr\u00ecnh thu m\u1eabu v\u00e0 ph\u01b0\u01a1ng ph\u00e1p ki\u1ec3m tra t\u01b0\u01a1ng t\u1ef1 nh\u01b0 x\u00e9t nghi\u1ec7m ADN cha con. \u0110i\u1ec3m kh\u00e1c bi\u1ec7t duy nh\u1ea5t l\u00e0 ch\u00fang t\u00f4i s\u1ebd th\u1ef1c hi\u1ec7n \u0111\u1ed1i chi\u1ebfu b\u1ea3n \u0111\u1ed3 di truy\u1ec1n c\u1ee7a \u0111\u1ee9a tr\u1ebb v\u1edbi [&hellip;]<\/p>\n","protected":false},"author":1,"featured_media":0,"parent":0,"menu_order":0,"comment_status":"closed","ping_status":"closed","template":"","meta":{"footnotes":""},"class_list":["post-1191","page","type-page","status-publish","hentry"],"_links":{"self":[{"href":"https:\/\/dnathailand.com\/vi\/wp-json\/wp\/v2\/pages\/1191","targetHints":{"allow":["GET"]}}],"collection":[{"href":"https:\/\/dnathailand.com\/vi\/wp-json\/wp\/v2\/pages"}],"about":[{"href":"https:\/\/dnathailand.com\/vi\/wp-json\/wp\/v2\/types\/page"}],"author":[{"embeddable":true,"href":"https:\/\/dnathailand.com\/vi\/wp-json\/wp\/v2\/users\/1"}],"replies":[{"embeddable":true,"href":"https:\/\/dnathailand.com\/vi\/wp-json\/wp\/v2\/comments?post=1191"}],"version-history":[{"count":8,"href":"https:\/\/dnathailand.com\/vi\/wp-json\/wp\/v2\/pages\/1191\/revisions"}],"predecessor-version":[{"id":1979,"href":"https:\/\/dnathailand.com\/vi\/wp-json\/wp\/v2\/pages\/1191\/revisions\/1979"}],"wp:attachment":[{"href":"https:\/\/dnathailand.com\/vi\/wp-json\/wp\/v2\/media?parent=1191"}],"curies":[{"name":"wp","href":"https:\/\/api.w.org\/{rel}","templated":true}]}}