{"id":1185,"date":"2026-01-13T17:21:17","date_gmt":"2026-01-13T17:21:17","guid":{"rendered":"https:\/\/dnathailand.com\/siblingship-test\/"},"modified":"2026-02-11T16:23:35","modified_gmt":"2026-02-11T16:23:35","slug":"siblingship-test","status":"publish","type":"page","link":"https:\/\/dnathailand.com\/vi\/siblingship-test\/","title":{"rendered":"X\u00e9t nghi\u1ec7m DNA x\u00e1c \u0111\u1ecbnh quan h\u1ec7 anh ch\u1ecb em"},"content":{"rendered":"\t\t<div data-elementor-type=\"wp-page\" data-elementor-id=\"1185\" class=\"elementor elementor-1185 elementor-48\" data-elementor-post-type=\"page\">\n\t\t\t\t<div class=\"elementor-element elementor-element-3546294 e-flex e-con-boxed e-con e-child\" data-id=\"3546294\" data-element_type=\"container\" data-settings=\"{&quot;background_background&quot;:&quot;classic&quot;}\">\n\t\t\t\t\t<div class=\"e-con-inner\">\n\t\t<div class=\"elementor-element elementor-element-ae5343b e-con-full e-flex e-con e-child\" data-id=\"ae5343b\" data-element_type=\"container\">\n\t\t\t\t<div class=\"elementor-element elementor-element-90e4dc1 elementor-invisible elementor-widget elementor-widget-heading\" data-id=\"90e4dc1\" data-element_type=\"widget\" data-settings=\"{&quot;_animation&quot;:&quot;fadeInRight&quot;}\" data-widget_type=\"heading.default\">\n\t\t\t\t\t<h1 class=\"elementor-heading-title elementor-size-default\">X\u00e9t nghi\u1ec7m DNA x\u00e1c \u0111\u1ecbnh quan h\u1ec7 anh ch\u1ecb em<\/h1>\t\t\t\t<\/div>\n\t\t\t\t<div class=\"elementor-element elementor-element-f8a74e1 elementor-icon-list--layout-inline elementor-list-item-link-full_width elementor-invisible elementor-widget elementor-widget-icon-list\" data-id=\"f8a74e1\" data-element_type=\"widget\" data-settings=\"{&quot;_animation&quot;:&quot;fadeInRight&quot;,&quot;_animation_delay&quot;:240}\" data-widget_type=\"icon-list.default\">\n\t\t\t\t\t\t\t<ul class=\"elementor-icon-list-items elementor-inline-items\">\n\t\t\t\t\t\t\t<li class=\"elementor-icon-list-item elementor-inline-item\">\n\t\t\t\t\t\t\t\t\t\t\t<a href=\"#\">\n\n\t\t\t\t\t\t\t\t\t\t\t<span class=\"elementor-icon-list-text\">Trang ch\u1ee7<\/span>\n\t\t\t\t\t\t\t\t\t\t\t<\/a>\n\t\t\t\t\t\t\t\t\t<\/li>\n\t\t\t\t\t\t\t\t<li class=\"elementor-icon-list-item elementor-inline-item\">\n\t\t\t\t\t\t\t\t\t\t\t<span class=\"elementor-icon-list-icon\">\n\t\t\t\t\t\t\t<svg aria-hidden=\"true\" class=\"e-font-icon-svg e-fas-angle-double-right\" viewBox=\"0 0 448 512\" xmlns=\"http:\/\/www.w3.org\/2000\/svg\"><path d=\"M224.3 273l-136 136c-9.4 9.4-24.6 9.4-33.9 0l-22.6-22.6c-9.4-9.4-9.4-24.6 0-33.9l96.4-96.4-96.4-96.4c-9.4-9.4-9.4-24.6 0-33.9L54.3 103c9.4-9.4 24.6-9.4 33.9 0l136 136c9.5 9.4 9.5 24.6.1 34zm192-34l-136-136c-9.4-9.4-24.6-9.4-33.9 0l-22.6 22.6c-9.4 9.4-9.4 24.6 0 33.9l96.4 96.4-96.4 96.4c-9.4 9.4-9.4 24.6 0 33.9l22.6 22.6c9.4 9.4 24.6 9.4 33.9 0l136-136c9.4-9.2 9.4-24.4 0-33.8z\"><\/path><\/svg>\t\t\t\t\t\t<\/span>\n\t\t\t\t\t\t\t\t\t\t<span class=\"elementor-icon-list-text\">D\u1ecbch v\u1ee5<\/span>\n\t\t\t\t\t\t\t\t\t<\/li>\n\t\t\t\t\t\t\t\t<li class=\"elementor-icon-list-item elementor-inline-item\">\n\t\t\t\t\t\t\t\t\t\t\t<span class=\"elementor-icon-list-icon\">\n\t\t\t\t\t\t\t<svg aria-hidden=\"true\" class=\"e-font-icon-svg e-fas-angle-double-right\" viewBox=\"0 0 448 512\" xmlns=\"http:\/\/www.w3.org\/2000\/svg\"><path d=\"M224.3 273l-136 136c-9.4 9.4-24.6 9.4-33.9 0l-22.6-22.6c-9.4-9.4-9.4-24.6 0-33.9l96.4-96.4-96.4-96.4c-9.4-9.4-9.4-24.6 0-33.9L54.3 103c9.4-9.4 24.6-9.4 33.9 0l136 136c9.5 9.4 9.5 24.6.1 34zm192-34l-136-136c-9.4-9.4-24.6-9.4-33.9 0l-22.6 22.6c-9.4 9.4-9.4 24.6 0 33.9l96.4 96.4-96.4 96.4c-9.4 9.4-9.4 24.6 0 33.9l22.6 22.6c9.4 9.4 24.6 9.4 33.9 0l136-136c9.4-9.2 9.4-24.4 0-33.8z\"><\/path><\/svg>\t\t\t\t\t\t<\/span>\n\t\t\t\t\t\t\t\t\t\t<span class=\"elementor-icon-list-text\">X\u00e9t nghi\u1ec7m DNA x\u00e1c \u0111\u1ecbnh quan h\u1ec7 anh ch\u1ecb em<\/span>\n\t\t\t\t\t\t\t\t\t<\/li>\n\t\t\t\t\t\t<\/ul>\n\t\t\t\t\t\t<\/div>\n\t\t\t\t<\/div>\n\t\t\t\t\t<\/div>\n\t\t\t\t<\/div>\n\t\t<div class=\"elementor-element elementor-element-13afa45 e-flex e-con-boxed e-con e-parent\" data-id=\"13afa45\" data-element_type=\"container\">\n\t\t\t\t\t<div class=\"e-con-inner\">\n\t\t\t\t<div class=\"elementor-element elementor-element-9a2b687 elementor-widget elementor-widget-text-editor\" data-id=\"9a2b687\" data-element_type=\"widget\" data-widget_type=\"text-editor.default\">\n\t\t\t\t\t\t\t\t\t<p data-path-to-node=\"2\">X\u00e9t nghi\u1ec7m ADN anh ch\u1ecb em ru\u1ed9t l\u00e0 ph\u01b0\u01a1ng ph\u00e1p x\u00e1c \u0111\u1ecbnh m\u1ed1i quan h\u1ec7 huy\u1ebft th\u1ed1ng gi\u1eefa hai hay nhi\u1ec1u c\u00e1 nh\u00e2n \u0111\u1ec3 x\u00e1c \u0111\u1ecbnh xem h\u1ecd l\u00e0 anh ch\u1ecb em c\u00f9ng cha c\u00f9ng m\u1eb9 (Full siblingship) hay anh ch\u1ecb em c\u00f9ng cha kh\u00e1c m\u1eb9\/c\u00f9ng m\u1eb9 kh\u00e1c cha (Half siblingship). X\u00e9t nghi\u1ec7m n\u00e0y \u0111\u01b0\u1ee3c chia th\u00e0nh 2 lo\u1ea1i ch\u00ednh:<\/p><ul data-path-to-node=\"3\"><li><p data-path-to-node=\"3,0,0\">X\u00e9t nghi\u1ec7m anh ch\u1ecb em ru\u1ed9t ho\u00e0n to\u00e0n (Full siblingship test): X\u00e1c \u0111\u1ecbnh xem c\u00e1c c\u00e1 nh\u00e2n c\u00f3 c\u00f9ng c\u1ea3 cha v\u00e0 m\u1eb9 hay kh\u00f4ng.<\/p><\/li><li><p data-path-to-node=\"3,1,0\">X\u00e9t nghi\u1ec7m anh ch\u1ecb em c\u00f9ng cha kh\u00e1c m\u1eb9\/c\u00f9ng m\u1eb9 kh\u00e1c cha (Half siblingship test): X\u00e1c \u0111\u1ecbnh m\u1ed1i quan h\u1ec7 anh ch\u1ecb em ch\u1ec9 chung m\u1ed9t n\u1eeda d\u00f2ng m\u00e1u, ngh\u0129a l\u00e0 c\u00f3 c\u00f9ng cha nh\u01b0ng kh\u00e1c m\u1eb9, ho\u1eb7c c\u00f9ng m\u1eb9 nh\u01b0ng kh\u00e1c cha.<\/p><\/li><\/ul><p data-path-to-node=\"4\">L\u01b0u \u00fd: X\u00e9t nghi\u1ec7m n\u00e0y ch\u1ec9 x\u00e1c \u0111\u1ecbnh m\u1ed1i quan h\u1ec7 gi\u1eefa c\u00e1c anh ch\u1ecb em c\u00f3 chung cha ho\u1eb7c m\u1eb9 hay kh\u00f4ng, ch\u1ee9 kh\u00f4ng th\u1ec3 d\u00f9ng \u0111\u1ec3 thay th\u1ebf cho vi\u1ec7c x\u00e1c \u0111\u1ecbnh tr\u1ef1c ti\u1ebfp quan h\u1ec7 cha &#8211; con ho\u1eb7c m\u1eb9 &#8211; con.<\/p><p data-path-to-node=\"5\">Qu\u00e1 tr\u00ecnh \u0111\u1ed1i chi\u1ebfu b\u1ea3n \u0111\u1ed3 di truy\u1ec1n l\u00e0 ph\u01b0\u01a1ng ph\u00e1p c\u00f3 \u0111\u1ed9 ch\u00ednh x\u00e1c r\u1ea5t cao. V\u00ed d\u1ee5, hai ng\u01b0\u1eddi c\u00f3 c\u00f9ng cha m\u1eb9 s\u1ebd chia s\u1ebb m\u1ed9t l\u01b0\u1ee3ng l\u1edbn ADN chung. K\u1ebft qu\u1ea3 x\u00e9t nghi\u1ec7m s\u1ebd ph\u00e2n t\u00edch d\u1eef li\u1ec7u ADN n\u00e0y \u0111\u1ec3 \u0111\u01b0a ra ch\u1ec9 s\u1ed1 x\u00e1c su\u1ea5t th\u1ed1ng k\u00ea v\u1ec1 m\u1ed1i quan h\u1ec7 anh ch\u1ecb em. Trong tr\u01b0\u1eddng h\u1ee3p c\u00f3 s\u1ef1 tham gia c\u1ee7a cha ho\u1eb7c m\u1eb9 trong qu\u00e1 tr\u00ecnh x\u00e9t nghi\u1ec7m, k\u1ebft qu\u1ea3 s\u1ebd c\u00e0ng tr\u1edf n\u00ean r\u00f5 r\u00e0ng v\u00e0 chu\u1ea9n x\u00e1c h\u01a1n. N\u1ebfu kh\u00f4ng c\u00f3 m\u1eabu c\u1ee7a cha m\u1eb9, ch\u00fang t\u00f4i c\u00f3 th\u1ec3 \u00e1p d\u1ee5ng th\u00eam c\u00e1c lo\u1ea1i x\u00e9t nghi\u1ec7m b\u1ed5 tr\u1ee3 kh\u00e1c \u0111\u1ec3 t\u0103ng t\u00ednh kh\u1eb3ng \u0111\u1ecbnh cho k\u1ebft qu\u1ea3.<\/p>\t\t\t\t\t\t\t\t<\/div>\n\t\t\t\t\t<\/div>\n\t\t\t\t<\/div>\n\t\t\t\t<\/div>\n\t\t","protected":false},"excerpt":{"rendered":"<p>Trang ch\u1ee7 D\u1ecbch v\u1ee5 X\u00e9t nghi\u1ec7m ADN anh ch\u1ecb em ru\u1ed9t l\u00e0 ph\u01b0\u01a1ng ph\u00e1p x\u00e1c \u0111\u1ecbnh m\u1ed1i quan h\u1ec7 huy\u1ebft th\u1ed1ng gi\u1eefa hai hay nhi\u1ec1u c\u00e1 nh\u00e2n \u0111\u1ec3 x\u00e1c \u0111\u1ecbnh xem h\u1ecd l\u00e0 anh ch\u1ecb em c\u00f9ng cha c\u00f9ng m\u1eb9 (Full siblingship) hay anh ch\u1ecb em c\u00f9ng cha kh\u00e1c m\u1eb9\/c\u00f9ng m\u1eb9 kh\u00e1c cha (Half siblingship). [&hellip;]<\/p>\n","protected":false},"author":1,"featured_media":0,"parent":0,"menu_order":0,"comment_status":"closed","ping_status":"closed","template":"","meta":{"footnotes":""},"class_list":["post-1185","page","type-page","status-publish","hentry"],"_links":{"self":[{"href":"https:\/\/dnathailand.com\/vi\/wp-json\/wp\/v2\/pages\/1185","targetHints":{"allow":["GET"]}}],"collection":[{"href":"https:\/\/dnathailand.com\/vi\/wp-json\/wp\/v2\/pages"}],"about":[{"href":"https:\/\/dnathailand.com\/vi\/wp-json\/wp\/v2\/types\/page"}],"author":[{"embeddable":true,"href":"https:\/\/dnathailand.com\/vi\/wp-json\/wp\/v2\/users\/1"}],"replies":[{"embeddable":true,"href":"https:\/\/dnathailand.com\/vi\/wp-json\/wp\/v2\/comments?post=1185"}],"version-history":[{"count":8,"href":"https:\/\/dnathailand.com\/vi\/wp-json\/wp\/v2\/pages\/1185\/revisions"}],"predecessor-version":[{"id":1976,"href":"https:\/\/dnathailand.com\/vi\/wp-json\/wp\/v2\/pages\/1185\/revisions\/1976"}],"wp:attachment":[{"href":"https:\/\/dnathailand.com\/vi\/wp-json\/wp\/v2\/media?parent=1185"}],"curies":[{"name":"wp","href":"https:\/\/api.w.org\/{rel}","templated":true}]}}