{"id":1179,"date":"2026-01-30T07:51:34","date_gmt":"2026-01-30T07:51:34","guid":{"rendered":"https:\/\/dnathailand.com\/twin-zygosity-test\/"},"modified":"2026-02-11T16:27:05","modified_gmt":"2026-02-11T16:27:05","slug":"twin-zygosity-test","status":"publish","type":"page","link":"https:\/\/dnathailand.com\/vi\/twin-zygosity-test\/","title":{"rendered":"X\u00e9t nghi\u1ec7m DNA x\u00e1c \u0111\u1ecbnh song sinh"},"content":{"rendered":"\t\t<div data-elementor-type=\"wp-page\" data-elementor-id=\"1179\" class=\"elementor elementor-1179 elementor-873\" data-elementor-post-type=\"page\">\n\t\t\t\t<div class=\"elementor-element elementor-element-3546294 e-flex e-con-boxed e-con e-child\" data-id=\"3546294\" data-element_type=\"container\" data-settings=\"{&quot;background_background&quot;:&quot;classic&quot;}\">\n\t\t\t\t\t<div class=\"e-con-inner\">\n\t\t<div class=\"elementor-element elementor-element-ae5343b e-con-full e-flex e-con e-child\" data-id=\"ae5343b\" data-element_type=\"container\">\n\t\t\t\t<div class=\"elementor-element elementor-element-90e4dc1 elementor-invisible elementor-widget elementor-widget-heading\" data-id=\"90e4dc1\" data-element_type=\"widget\" data-settings=\"{&quot;_animation&quot;:&quot;fadeInRight&quot;}\" data-widget_type=\"heading.default\">\n\t\t\t\t\t<h1 class=\"elementor-heading-title elementor-size-default\">X\u00e9t nghi\u1ec7m DNA x\u00e1c \u0111\u1ecbnh song sinh<\/h1>\t\t\t\t<\/div>\n\t\t\t\t<div class=\"elementor-element elementor-element-f8a74e1 elementor-icon-list--layout-inline elementor-list-item-link-full_width elementor-invisible elementor-widget elementor-widget-icon-list\" data-id=\"f8a74e1\" data-element_type=\"widget\" data-settings=\"{&quot;_animation&quot;:&quot;fadeInRight&quot;,&quot;_animation_delay&quot;:240}\" data-widget_type=\"icon-list.default\">\n\t\t\t\t\t\t\t<ul class=\"elementor-icon-list-items elementor-inline-items\">\n\t\t\t\t\t\t\t<li class=\"elementor-icon-list-item elementor-inline-item\">\n\t\t\t\t\t\t\t\t\t\t\t<a href=\"#\">\n\n\t\t\t\t\t\t\t\t\t\t\t<span class=\"elementor-icon-list-text\">Trang ch\u1ee7<\/span>\n\t\t\t\t\t\t\t\t\t\t\t<\/a>\n\t\t\t\t\t\t\t\t\t<\/li>\n\t\t\t\t\t\t\t\t<li class=\"elementor-icon-list-item elementor-inline-item\">\n\t\t\t\t\t\t\t\t\t\t\t<span class=\"elementor-icon-list-icon\">\n\t\t\t\t\t\t\t<svg aria-hidden=\"true\" class=\"e-font-icon-svg e-fas-angle-double-right\" viewBox=\"0 0 448 512\" xmlns=\"http:\/\/www.w3.org\/2000\/svg\"><path d=\"M224.3 273l-136 136c-9.4 9.4-24.6 9.4-33.9 0l-22.6-22.6c-9.4-9.4-9.4-24.6 0-33.9l96.4-96.4-96.4-96.4c-9.4-9.4-9.4-24.6 0-33.9L54.3 103c9.4-9.4 24.6-9.4 33.9 0l136 136c9.5 9.4 9.5 24.6.1 34zm192-34l-136-136c-9.4-9.4-24.6-9.4-33.9 0l-22.6 22.6c-9.4 9.4-9.4 24.6 0 33.9l96.4 96.4-96.4 96.4c-9.4 9.4-9.4 24.6 0 33.9l22.6 22.6c9.4 9.4 24.6 9.4 33.9 0l136-136c9.4-9.2 9.4-24.4 0-33.8z\"><\/path><\/svg>\t\t\t\t\t\t<\/span>\n\t\t\t\t\t\t\t\t\t\t<span class=\"elementor-icon-list-text\">D\u1ecbch v\u1ee5<\/span>\n\t\t\t\t\t\t\t\t\t<\/li>\n\t\t\t\t\t\t\t\t<li class=\"elementor-icon-list-item elementor-inline-item\">\n\t\t\t\t\t\t\t\t\t\t\t<span class=\"elementor-icon-list-icon\">\n\t\t\t\t\t\t\t<svg aria-hidden=\"true\" class=\"e-font-icon-svg e-fas-angle-double-right\" viewBox=\"0 0 448 512\" xmlns=\"http:\/\/www.w3.org\/2000\/svg\"><path d=\"M224.3 273l-136 136c-9.4 9.4-24.6 9.4-33.9 0l-22.6-22.6c-9.4-9.4-9.4-24.6 0-33.9l96.4-96.4-96.4-96.4c-9.4-9.4-9.4-24.6 0-33.9L54.3 103c9.4-9.4 24.6-9.4 33.9 0l136 136c9.5 9.4 9.5 24.6.1 34zm192-34l-136-136c-9.4-9.4-24.6-9.4-33.9 0l-22.6 22.6c-9.4 9.4-9.4 24.6 0 33.9l96.4 96.4-96.4 96.4c-9.4 9.4-9.4 24.6 0 33.9l22.6 22.6c9.4 9.4 24.6 9.4 33.9 0l136-136c9.4-9.2 9.4-24.4 0-33.8z\"><\/path><\/svg>\t\t\t\t\t\t<\/span>\n\t\t\t\t\t\t\t\t\t\t<span class=\"elementor-icon-list-text\">X\u00e9t nghi\u1ec7m DNA x\u00e1c \u0111\u1ecbnh song sinh<\/span>\n\t\t\t\t\t\t\t\t\t<\/li>\n\t\t\t\t\t\t<\/ul>\n\t\t\t\t\t\t<\/div>\n\t\t\t\t<\/div>\n\t\t\t\t\t<\/div>\n\t\t\t\t<\/div>\n\t\t<div class=\"elementor-element elementor-element-13afa45 e-flex e-con-boxed e-con e-parent\" data-id=\"13afa45\" data-element_type=\"container\">\n\t\t\t\t\t<div class=\"e-con-inner\">\n\t\t\t\t<div class=\"elementor-element elementor-element-9a2b687 elementor-widget elementor-widget-text-editor\" data-id=\"9a2b687\" data-element_type=\"widget\" data-widget_type=\"text-editor.default\">\n\t\t\t\t\t\t\t\t\t<p data-path-to-node=\"2\">X\u00e9t nghi\u1ec7m DNA x\u00e1c \u0111\u1ecbnh tr\u1ebb sinh \u0111\u00f4i l\u00e0 ph\u01b0\u01a1ng ph\u00e1p nh\u1eb1m ch\u1ee9ng minh c\u1eb7p song sinh \u0111\u01b0\u1ee3c sinh ra t\u1eeb c\u00f9ng m\u1ed9t tr\u1ee9ng hay kh\u00e1c tr\u1ee9ng. C\u00e1c c\u1eb7p song sinh c\u00f9ng tr\u1ee9ng (sinh \u0111\u00f4i c\u00f9ng tr\u1ee9ng) s\u1ebd c\u00f3 h\u1ec7 th\u1ed1ng v\u1eadt ch\u1ea5t di truy\u1ec1n ho\u00e0n to\u00e0n gi\u1ed1ng nhau.<\/p><p data-path-to-node=\"3\">Ch\u00ednh v\u00ec c\u00f3 b\u1ed9 DNA tr\u00f9ng kh\u1edbp, h\u1ecd c\u00f3 th\u1ec3 hi\u1ebfn t\u1eb7ng n\u1ed9i t\u1ea1ng, m\u00f4 ho\u1eb7c truy\u1ec1n m\u00e1u cho nhau m\u1ed9t c\u00e1ch t\u01b0\u01a1ng th\u00edch nh\u1ea5t. Ngo\u00e0i ra, trong tr\u01b0\u1eddng h\u1ee3p m\u1ed9t trong hai ng\u01b0\u1eddi m\u1eafc c\u00e1c r\u1ed1i lo\u1ea1n di truy\u1ec1n, ng\u01b0\u1eddi c\u00f2n l\u1ea1i c\u0169ng c\u00f3 nguy c\u01a1 cao g\u1eb7p ph\u1ea3i nh\u1eefng b\u1ea5t th\u01b0\u1eddng t\u01b0\u01a1ng t\u1ef1.<\/p>\t\t\t\t\t\t\t\t<\/div>\n\t\t\t\t\t<\/div>\n\t\t\t\t<\/div>\n\t\t\t\t<\/div>\n\t\t","protected":false},"excerpt":{"rendered":"<p>Trang ch\u1ee7 D\u1ecbch v\u1ee5 X\u00e9t nghi\u1ec7m DNA x\u00e1c \u0111\u1ecbnh tr\u1ebb sinh \u0111\u00f4i l\u00e0 ph\u01b0\u01a1ng ph\u00e1p nh\u1eb1m ch\u1ee9ng minh c\u1eb7p song sinh \u0111\u01b0\u1ee3c sinh ra t\u1eeb c\u00f9ng m\u1ed9t tr\u1ee9ng hay kh\u00e1c tr\u1ee9ng. C\u00e1c c\u1eb7p song sinh c\u00f9ng tr\u1ee9ng (sinh \u0111\u00f4i c\u00f9ng tr\u1ee9ng) s\u1ebd c\u00f3 h\u1ec7 th\u1ed1ng v\u1eadt ch\u1ea5t di truy\u1ec1n ho\u00e0n to\u00e0n gi\u1ed1ng nhau. Ch\u00ednh v\u00ec [&hellip;]<\/p>\n","protected":false},"author":1,"featured_media":0,"parent":0,"menu_order":0,"comment_status":"closed","ping_status":"closed","template":"","meta":{"footnotes":""},"class_list":["post-1179","page","type-page","status-publish","hentry"],"_links":{"self":[{"href":"https:\/\/dnathailand.com\/vi\/wp-json\/wp\/v2\/pages\/1179","targetHints":{"allow":["GET"]}}],"collection":[{"href":"https:\/\/dnathailand.com\/vi\/wp-json\/wp\/v2\/pages"}],"about":[{"href":"https:\/\/dnathailand.com\/vi\/wp-json\/wp\/v2\/types\/page"}],"author":[{"embeddable":true,"href":"https:\/\/dnathailand.com\/vi\/wp-json\/wp\/v2\/users\/1"}],"replies":[{"embeddable":true,"href":"https:\/\/dnathailand.com\/vi\/wp-json\/wp\/v2\/comments?post=1179"}],"version-history":[{"count":11,"href":"https:\/\/dnathailand.com\/vi\/wp-json\/wp\/v2\/pages\/1179\/revisions"}],"predecessor-version":[{"id":1987,"href":"https:\/\/dnathailand.com\/vi\/wp-json\/wp\/v2\/pages\/1179\/revisions\/1987"}],"wp:attachment":[{"href":"https:\/\/dnathailand.com\/vi\/wp-json\/wp\/v2\/media?parent=1179"}],"curies":[{"name":"wp","href":"https:\/\/api.w.org\/{rel}","templated":true}]}}