{"id":1172,"date":"2026-01-13T17:19:51","date_gmt":"2026-01-13T17:19:51","guid":{"rendered":"https:\/\/dnathailand.com\/dna-paternity-test\/"},"modified":"2026-02-11T16:25:44","modified_gmt":"2026-02-11T16:25:44","slug":"dna-paternity-test","status":"publish","type":"page","link":"https:\/\/dnathailand.com\/vi\/dna-paternity-test\/","title":{"rendered":"X\u00e9t nghi\u1ec7m DNA x\u00e1c \u0111\u1ecbnh quan h\u1ec7 cha con"},"content":{"rendered":"\t\t<div data-elementor-type=\"wp-page\" data-elementor-id=\"1172\" class=\"elementor elementor-1172 elementor-41\" data-elementor-post-type=\"page\">\n\t\t\t\t<div class=\"elementor-element elementor-element-55d629b e-flex e-con-boxed e-con e-child\" data-id=\"55d629b\" data-element_type=\"container\" data-settings=\"{&quot;background_background&quot;:&quot;classic&quot;}\">\n\t\t\t\t\t<div class=\"e-con-inner\">\n\t\t<div class=\"elementor-element elementor-element-4c7c2d3 e-con-full e-flex e-con e-child\" data-id=\"4c7c2d3\" data-element_type=\"container\">\n\t\t\t\t<div class=\"elementor-element elementor-element-2ca550a elementor-invisible elementor-widget elementor-widget-heading\" data-id=\"2ca550a\" data-element_type=\"widget\" data-settings=\"{&quot;_animation&quot;:&quot;fadeInRight&quot;}\" data-widget_type=\"heading.default\">\n\t\t\t\t\t<h1 class=\"elementor-heading-title elementor-size-default\">X\u00e9t nghi\u1ec7m DNA x\u00e1c \u0111\u1ecbnh quan h\u1ec7 cha con<\/h1>\t\t\t\t<\/div>\n\t\t\t\t<div class=\"elementor-element elementor-element-48ef12d elementor-icon-list--layout-inline elementor-list-item-link-full_width elementor-invisible elementor-widget elementor-widget-icon-list\" data-id=\"48ef12d\" data-element_type=\"widget\" data-settings=\"{&quot;_animation&quot;:&quot;fadeInRight&quot;,&quot;_animation_delay&quot;:240}\" data-widget_type=\"icon-list.default\">\n\t\t\t\t\t\t\t<ul class=\"elementor-icon-list-items elementor-inline-items\">\n\t\t\t\t\t\t\t<li class=\"elementor-icon-list-item elementor-inline-item\">\n\t\t\t\t\t\t\t\t\t\t\t<a href=\"#\">\n\n\t\t\t\t\t\t\t\t\t\t\t<span class=\"elementor-icon-list-text\">Trang ch\u1ee7<\/span>\n\t\t\t\t\t\t\t\t\t\t\t<\/a>\n\t\t\t\t\t\t\t\t\t<\/li>\n\t\t\t\t\t\t\t\t<li class=\"elementor-icon-list-item elementor-inline-item\">\n\t\t\t\t\t\t\t\t\t\t\t<span class=\"elementor-icon-list-icon\">\n\t\t\t\t\t\t\t<svg aria-hidden=\"true\" class=\"e-font-icon-svg e-fas-angle-double-right\" viewBox=\"0 0 448 512\" xmlns=\"http:\/\/www.w3.org\/2000\/svg\"><path d=\"M224.3 273l-136 136c-9.4 9.4-24.6 9.4-33.9 0l-22.6-22.6c-9.4-9.4-9.4-24.6 0-33.9l96.4-96.4-96.4-96.4c-9.4-9.4-9.4-24.6 0-33.9L54.3 103c9.4-9.4 24.6-9.4 33.9 0l136 136c9.5 9.4 9.5 24.6.1 34zm192-34l-136-136c-9.4-9.4-24.6-9.4-33.9 0l-22.6 22.6c-9.4 9.4-9.4 24.6 0 33.9l96.4 96.4-96.4 96.4c-9.4 9.4-9.4 24.6 0 33.9l22.6 22.6c9.4 9.4 24.6 9.4 33.9 0l136-136c9.4-9.2 9.4-24.4 0-33.8z\"><\/path><\/svg>\t\t\t\t\t\t<\/span>\n\t\t\t\t\t\t\t\t\t\t<span class=\"elementor-icon-list-text\">D\u1ecbch v\u1ee5<\/span>\n\t\t\t\t\t\t\t\t\t<\/li>\n\t\t\t\t\t\t\t\t<li class=\"elementor-icon-list-item elementor-inline-item\">\n\t\t\t\t\t\t\t\t\t\t\t<span class=\"elementor-icon-list-icon\">\n\t\t\t\t\t\t\t<svg aria-hidden=\"true\" class=\"e-font-icon-svg e-fas-angle-double-right\" viewBox=\"0 0 448 512\" xmlns=\"http:\/\/www.w3.org\/2000\/svg\"><path d=\"M224.3 273l-136 136c-9.4 9.4-24.6 9.4-33.9 0l-22.6-22.6c-9.4-9.4-9.4-24.6 0-33.9l96.4-96.4-96.4-96.4c-9.4-9.4-9.4-24.6 0-33.9L54.3 103c9.4-9.4 24.6-9.4 33.9 0l136 136c9.5 9.4 9.5 24.6.1 34zm192-34l-136-136c-9.4-9.4-24.6-9.4-33.9 0l-22.6 22.6c-9.4 9.4-9.4 24.6 0 33.9l96.4 96.4-96.4 96.4c-9.4 9.4-9.4 24.6 0 33.9l22.6 22.6c9.4 9.4 24.6 9.4 33.9 0l136-136c9.4-9.2 9.4-24.4 0-33.8z\"><\/path><\/svg>\t\t\t\t\t\t<\/span>\n\t\t\t\t\t\t\t\t\t\t<span class=\"elementor-icon-list-text\">X\u00e9t nghi\u1ec7m DNA x\u00e1c \u0111\u1ecbnh quan h\u1ec7 cha con<\/span>\n\t\t\t\t\t\t\t\t\t<\/li>\n\t\t\t\t\t\t<\/ul>\n\t\t\t\t\t\t<\/div>\n\t\t\t\t<\/div>\n\t\t\t\t\t<\/div>\n\t\t\t\t<\/div>\n\t\t<div class=\"elementor-element elementor-element-b42e611 e-flex e-con-boxed e-con e-parent\" data-id=\"b42e611\" data-element_type=\"container\">\n\t\t\t\t\t<div class=\"e-con-inner\">\n\t\t\t\t<div class=\"elementor-element elementor-element-5197ebd elementor-widget elementor-widget-text-editor\" data-id=\"5197ebd\" data-element_type=\"widget\" data-widget_type=\"text-editor.default\">\n\t\t\t\t\t\t\t\t\t<p data-path-to-node=\"2\">X\u00e9t nghi\u1ec7m DNA x\u00e1c \u0111\u1ecbnh quan h\u1ec7 cha con \u0111\u01b0\u1ee3c th\u1ef1c hi\u1ec7n b\u1eb1ng c\u00e1ch so s\u00e1nh b\u1ea3n \u0111\u1ed3 di truy\u1ec1n c\u1ee7a \u0111\u1ee9a tr\u1ebb v\u1edbi ng\u01b0\u1eddi cha nghi v\u1ea5n. \u0110\u1ee9a tr\u1ebb th\u1eeba h\u01b0\u1edfng m\u1ed9t n\u1eeda h\u1ec7 th\u1ed1ng di truy\u1ec1n (DNA) t\u1eeb cha v\u00e0 m\u1ed9t n\u1eeda t\u1eeb m\u1eb9. Do \u0111\u00f3, khi ti\u1ebfn h\u00e0nh \u0111\u1ed1i chi\u1ebfu b\u1ea3n \u0111\u1ed3 di truy\u1ec1n, ch\u00fang ta c\u00f3 th\u1ec3 x\u00e1c \u0111\u1ecbnh ch\u00ednh x\u00e1c li\u1ec7u \u0111\u1ee9a tr\u1ebb c\u00f3 th\u1ef1c s\u1ef1 th\u1eeba h\u01b0\u1edfng DNA t\u1eeb ng\u01b0\u1eddi cha nghi v\u1ea5n hay kh\u00f4ng.<\/p><p data-path-to-node=\"3\">Th\u00f4ng th\u01b0\u1eddng, c\u00e1c chuy\u00ean vi\u00ean s\u1ebd thu th\u1eadp m\u1eabu t\u1ebf b\u00e0o ni\u00eam m\u1ea1c mi\u1ec7ng \u0111\u1ec3 ph\u00e2n t\u00edch. Trong tr\u01b0\u1eddng h\u1ee3p kh\u00f4ng th\u1ec3 l\u1ea5y m\u1eabu ni\u00eam m\u1ea1c mi\u1ec7ng, qu\u00fd kh\u00e1ch c\u00f3 th\u1ec3 s\u1eed d\u1ee5ng c\u00e1c lo\u1ea1i m\u1eabu th\u1eed kh\u00e1c. Vui l\u00f2ng xem th\u00eam th\u00f4ng tin chi ti\u1ebft t\u1ea1i m\u1ee5c: &#8220;<a href=\"https:\/\/dnathailand.com\/vi\/dna-paternity-test\/\">DNAC\u1ea7n nh\u1eefng g\u00ec \u0111\u1ec3 x\u00e9t nghi\u1ec7m ADN<\/a>&#8220;.<\/p>\t\t\t\t\t\t\t\t<\/div>\n\t\t\t\t\t<\/div>\n\t\t\t\t<\/div>\n\t\t\t\t<\/div>\n\t\t","protected":false},"excerpt":{"rendered":"<p>Trang ch\u1ee7 D\u1ecbch v\u1ee5 X\u00e9t nghi\u1ec7m DNA x\u00e1c \u0111\u1ecbnh quan h\u1ec7 cha con \u0111\u01b0\u1ee3c th\u1ef1c hi\u1ec7n b\u1eb1ng c\u00e1ch so s\u00e1nh b\u1ea3n \u0111\u1ed3 di truy\u1ec1n c\u1ee7a \u0111\u1ee9a tr\u1ebb v\u1edbi ng\u01b0\u1eddi cha nghi v\u1ea5n. \u0110\u1ee9a tr\u1ebb th\u1eeba h\u01b0\u1edfng m\u1ed9t n\u1eeda h\u1ec7 th\u1ed1ng di truy\u1ec1n (DNA) t\u1eeb cha v\u00e0 m\u1ed9t n\u1eeda t\u1eeb m\u1eb9. Do \u0111\u00f3, khi ti\u1ebfn h\u00e0nh [&hellip;]<\/p>\n","protected":false},"author":1,"featured_media":0,"parent":0,"menu_order":0,"comment_status":"closed","ping_status":"closed","template":"","meta":{"footnotes":""},"class_list":["post-1172","page","type-page","status-publish","hentry"],"_links":{"self":[{"href":"https:\/\/dnathailand.com\/vi\/wp-json\/wp\/v2\/pages\/1172","targetHints":{"allow":["GET"]}}],"collection":[{"href":"https:\/\/dnathailand.com\/vi\/wp-json\/wp\/v2\/pages"}],"about":[{"href":"https:\/\/dnathailand.com\/vi\/wp-json\/wp\/v2\/types\/page"}],"author":[{"embeddable":true,"href":"https:\/\/dnathailand.com\/vi\/wp-json\/wp\/v2\/users\/1"}],"replies":[{"embeddable":true,"href":"https:\/\/dnathailand.com\/vi\/wp-json\/wp\/v2\/comments?post=1172"}],"version-history":[{"count":11,"href":"https:\/\/dnathailand.com\/vi\/wp-json\/wp\/v2\/pages\/1172\/revisions"}],"predecessor-version":[{"id":1984,"href":"https:\/\/dnathailand.com\/vi\/wp-json\/wp\/v2\/pages\/1172\/revisions\/1984"}],"wp:attachment":[{"href":"https:\/\/dnathailand.com\/vi\/wp-json\/wp\/v2\/media?parent=1172"}],"curies":[{"name":"wp","href":"https:\/\/api.w.org\/{rel}","templated":true}]}}