{"id":1164,"date":"2026-01-13T17:24:07","date_gmt":"2026-01-13T17:24:07","guid":{"rendered":"https:\/\/dnathailand.com\/grandparentage-dna-test\/"},"modified":"2026-02-11T16:29:10","modified_gmt":"2026-02-11T16:29:10","slug":"grandparentage-dna-test","status":"publish","type":"page","link":"https:\/\/dnathailand.com\/vi\/grandparentage-dna-test\/","title":{"rendered":"X\u00e9t nghi\u1ec7m DNA x\u00e1c \u0111\u1ecbnh quan h\u1ec7 \u00f4ng b\u00e0 v\u00e0 ch\u00e1u"},"content":{"rendered":"\t\t<div data-elementor-type=\"wp-page\" data-elementor-id=\"1164\" class=\"elementor elementor-1164 elementor-58\" data-elementor-post-type=\"page\">\n\t\t\t\t<div class=\"elementor-element elementor-element-9e7c47b e-flex e-con-boxed e-con e-child\" data-id=\"9e7c47b\" data-element_type=\"container\" data-settings=\"{&quot;background_background&quot;:&quot;classic&quot;}\">\n\t\t\t\t\t<div class=\"e-con-inner\">\n\t\t<div class=\"elementor-element elementor-element-259bd92 e-con-full e-flex e-con e-child\" data-id=\"259bd92\" data-element_type=\"container\">\n\t\t\t\t<div class=\"elementor-element elementor-element-f73fcca elementor-invisible elementor-widget elementor-widget-heading\" data-id=\"f73fcca\" data-element_type=\"widget\" data-settings=\"{&quot;_animation&quot;:&quot;fadeInRight&quot;}\" data-widget_type=\"heading.default\">\n\t\t\t\t\t<h1 class=\"elementor-heading-title elementor-size-default\">X\u00e9t nghi\u1ec7m DNA x\u00e1c \u0111\u1ecbnh quan h\u1ec7 \u00f4ng b\u00e0 v\u00e0 ch\u00e1u<\/h1>\t\t\t\t<\/div>\n\t\t\t\t<div class=\"elementor-element elementor-element-bf1abe4 elementor-icon-list--layout-inline elementor-list-item-link-full_width elementor-invisible elementor-widget elementor-widget-icon-list\" data-id=\"bf1abe4\" data-element_type=\"widget\" data-settings=\"{&quot;_animation&quot;:&quot;fadeInRight&quot;,&quot;_animation_delay&quot;:240}\" data-widget_type=\"icon-list.default\">\n\t\t\t\t\t\t\t<ul class=\"elementor-icon-list-items elementor-inline-items\">\n\t\t\t\t\t\t\t<li class=\"elementor-icon-list-item elementor-inline-item\">\n\t\t\t\t\t\t\t\t\t\t\t<a href=\"#\">\n\n\t\t\t\t\t\t\t\t\t\t\t<span class=\"elementor-icon-list-text\">Trang ch\u1ee7<\/span>\n\t\t\t\t\t\t\t\t\t\t\t<\/a>\n\t\t\t\t\t\t\t\t\t<\/li>\n\t\t\t\t\t\t\t\t<li class=\"elementor-icon-list-item elementor-inline-item\">\n\t\t\t\t\t\t\t\t\t\t\t<span class=\"elementor-icon-list-icon\">\n\t\t\t\t\t\t\t<svg aria-hidden=\"true\" class=\"e-font-icon-svg e-fas-angle-double-right\" viewBox=\"0 0 448 512\" xmlns=\"http:\/\/www.w3.org\/2000\/svg\"><path d=\"M224.3 273l-136 136c-9.4 9.4-24.6 9.4-33.9 0l-22.6-22.6c-9.4-9.4-9.4-24.6 0-33.9l96.4-96.4-96.4-96.4c-9.4-9.4-9.4-24.6 0-33.9L54.3 103c9.4-9.4 24.6-9.4 33.9 0l136 136c9.5 9.4 9.5 24.6.1 34zm192-34l-136-136c-9.4-9.4-24.6-9.4-33.9 0l-22.6 22.6c-9.4 9.4-9.4 24.6 0 33.9l96.4 96.4-96.4 96.4c-9.4 9.4-9.4 24.6 0 33.9l22.6 22.6c9.4 9.4 24.6 9.4 33.9 0l136-136c9.4-9.2 9.4-24.4 0-33.8z\"><\/path><\/svg>\t\t\t\t\t\t<\/span>\n\t\t\t\t\t\t\t\t\t\t<span class=\"elementor-icon-list-text\">D\u1ecbch v\u1ee5<\/span>\n\t\t\t\t\t\t\t\t\t<\/li>\n\t\t\t\t\t\t\t\t<li class=\"elementor-icon-list-item elementor-inline-item\">\n\t\t\t\t\t\t\t\t\t\t\t<span class=\"elementor-icon-list-icon\">\n\t\t\t\t\t\t\t<svg aria-hidden=\"true\" class=\"e-font-icon-svg e-fas-angle-double-right\" viewBox=\"0 0 448 512\" xmlns=\"http:\/\/www.w3.org\/2000\/svg\"><path d=\"M224.3 273l-136 136c-9.4 9.4-24.6 9.4-33.9 0l-22.6-22.6c-9.4-9.4-9.4-24.6 0-33.9l96.4-96.4-96.4-96.4c-9.4-9.4-9.4-24.6 0-33.9L54.3 103c9.4-9.4 24.6-9.4 33.9 0l136 136c9.5 9.4 9.5 24.6.1 34zm192-34l-136-136c-9.4-9.4-24.6-9.4-33.9 0l-22.6 22.6c-9.4 9.4-9.4 24.6 0 33.9l96.4 96.4-96.4 96.4c-9.4 9.4-9.4 24.6 0 33.9l22.6 22.6c9.4 9.4 24.6 9.4 33.9 0l136-136c9.4-9.2 9.4-24.4 0-33.8z\"><\/path><\/svg>\t\t\t\t\t\t<\/span>\n\t\t\t\t\t\t\t\t\t\t<span class=\"elementor-icon-list-text\">X\u00e9t nghi\u1ec7m DNA x\u00e1c \u0111\u1ecbnh quan h\u1ec7 \u00f4ng b\u00e0 v\u00e0 ch\u00e1u<\/span>\n\t\t\t\t\t\t\t\t\t<\/li>\n\t\t\t\t\t\t<\/ul>\n\t\t\t\t\t\t<\/div>\n\t\t\t\t<\/div>\n\t\t\t\t\t<\/div>\n\t\t\t\t<\/div>\n\t\t<div class=\"elementor-element elementor-element-f291780 e-flex e-con-boxed e-con e-parent\" data-id=\"f291780\" data-element_type=\"container\">\n\t\t\t\t\t<div class=\"e-con-inner\">\n\t\t\t\t<div class=\"elementor-element elementor-element-3ffc2c1 elementor-widget elementor-widget-text-editor\" data-id=\"3ffc2c1\" data-element_type=\"widget\" data-widget_type=\"text-editor.default\">\n\t\t\t\t\t\t\t\t\t<p data-path-to-node=\"2\">X\u00e9t nghi\u1ec7m DNA \u00f4ng b\u00e0 l\u00e0 ph\u01b0\u01a1ng ph\u00e1p nh\u1eb1m x\u00e1c minh li\u1ec7u c\u00f3 m\u1ed1i quan h\u1ec7 huy\u1ebft th\u1ed1ng gi\u1eefa \u00f4ng b\u00e0 v\u00e0 ch\u00e1u hay kh\u00f4ng. K\u1ebft qu\u1ea3 x\u00e9t nghi\u1ec7m n\u00e0y s\u1ebd \u0111\u01b0a ra ch\u1ec9 s\u1ed1 x\u00e1c su\u1ea5t th\u1ed1ng k\u00ea \u0111\u1ec3 x\u00e1c \u0111\u1ecbnh m\u1ed1i t\u01b0\u01a1ng quan di truy\u1ec1n gi\u1eefa \u00f4ng b\u00e0 v\u00e0 ch\u00e1u.<\/p><p data-path-to-node=\"3\">\u0110\u00e2y c\u0169ng l\u00e0 m\u1ed9t h\u00ecnh th\u1ee9c x\u00e9t nghi\u1ec7m quan h\u1ec7 h\u1ecd h\u00e0ng gi\u00e1n ti\u1ebfp trong tr\u01b0\u1eddng h\u1ee3p kh\u00f4ng th\u1ec3 l\u1ea5y m\u1eabu tr\u1ef1c ti\u1ebfp t\u1eeb cha ho\u1eb7c m\u1eb9. Theo quy lu\u1eadt di truy\u1ec1n, con c\u00e1i nh\u1eadn m\u1ed9t n\u1eeda h\u1ec7 th\u1ed1ng DNA t\u1eeb cha v\u00e0 m\u1ed9t n\u1eeda t\u1eeb m\u1eb9. Do \u0111\u00f3, m\u1ed9t n\u1eeda m\u00e3 gen n\u00e0y ho\u00e0n to\u00e0n c\u00f3 th\u1ec3 d\u00f9ng \u0111\u1ec3 \u0111\u1ed1i chi\u1ebfu v\u1edbi ADN c\u1ee7a \u00f4ng b\u00e0 n\u1ed9i ho\u1eb7c \u00f4ng b\u00e0 ngo\u1ea1i.<\/p><p data-path-to-node=\"4\">\u0110\u1ec3 \u0111\u1ea1t \u0111\u01b0\u1ee3c \u0111\u1ed9 ch\u00ednh x\u00e1c cao nh\u1ea5t, ch\u00fang t\u00f4i khuy\u1ebfn kh\u00edch n\u00ean c\u00f3 th\u00eam m\u1eabu c\u1ee7a cha ho\u1eb7c m\u1eb9 tham gia c\u00f9ng, \u0111\u1eb7c bi\u1ec7t l\u00e0 m\u1eabu c\u1ee7a ng\u01b0\u1eddi m\u1eb9. Trong tr\u01b0\u1eddng h\u1ee3p kh\u00f4ng c\u00f3 m\u1eabu c\u1ee7a cha m\u1eb9, ch\u00fang t\u00f4i c\u00f3 th\u1ec3 \u00e1p d\u1ee5ng th\u00eam c\u00e1c lo\u1ea1i x\u00e9t nghi\u1ec7m chuy\u00ean s\u00e2u kh\u00e1c \u0111\u1ec3 l\u00e0m r\u00f5 k\u1ebft qu\u1ea3.<\/p><p data-path-to-node=\"5\"><b data-path-to-node=\"5\" data-index-in-node=\"0\">1. Ph\u00e2n t\u00edch DNA v\u1edbi ch\u1ec9 m\u1ed9t ng\u01b0\u1eddi (\u00f4ng ho\u1eb7c b\u00e0):<\/b> Ph\u01b0\u01a1ng ph\u00e1p n\u00e0y ch\u1ec9 s\u1eed d\u1ee5ng m\u1eabu c\u1ee7a m\u1ed9t trong hai ng\u01b0\u1eddi (\u00f4ng ho\u1eb7c b\u00e0). Tuy nhi\u00ean, ph\u00e2n t\u00edch n\u00e0y ch\u1ec9 ph\u1ea3n \u00e1nh kho\u1ea3ng 25% s\u1ef1 t\u01b0\u01a1ng \u0111\u1ed3ng di truy\u1ec1n gi\u1eefa \u00f4ng b\u00e0 v\u00e0 ch\u00e1u. V\u00ec v\u1eady, vi\u1ec7c c\u00f3 th\u00eam m\u1eabu c\u1ee7a ng\u01b0\u1eddi m\u1eb9 l\u00e0 c\u1ef1c k\u1ef3 quan tr\u1ecdng \u0111\u1ec3 n\u00e2ng cao t\u1ec9 l\u1ec7 ch\u00ednh x\u00e1c.<\/p><p data-path-to-node=\"6\"><b data-path-to-node=\"6\" data-index-in-node=\"0\">2. Ph\u00e2n t\u00edch DNA v\u1edbi c\u1ea3 \u00f4ng v\u00e0 b\u00e0:<\/b> Ph\u01b0\u01a1ng ph\u00e1p n\u00e0y s\u1eed d\u1ee5ng m\u1eabu c\u1ee7a c\u1ea3 \u00f4ng n\u1ed9i v\u00e0 b\u00e0 n\u1ed9i (ho\u1eb7c \u00f4ng ngo\u1ea1i v\u00e0 b\u00e0 ngo\u1ea1i). N\u1ebfu c\u00f3 th\u00eam m\u1eabu c\u1ee7a ng\u01b0\u1eddi m\u1eb9 tham gia \u0111\u1ed1i chi\u1ebfu, \u0111\u1ed9 ch\u00ednh x\u00e1c s\u1ebd \u0111\u1ea1t m\u1ee9c t\u1ed1i \u01b0u.<\/p><p data-path-to-node=\"7\"><strong>C\u01a1 ch\u1ebf ph\u00e2n t\u00edch: <\/strong>B\u1eb1ng c\u00e1ch so s\u00e1nh b\u1ea3n \u0111\u1ed3 di truy\u1ec1n c\u1ee7a \u00f4ng b\u00e0 v\u1edbi ch\u00e1u, ch\u00fang ta c\u00f3 th\u1ec3 th\u1ea5y \u0111\u01b0\u1ee3c s\u1ef1 k\u1ebft n\u1ed1i huy\u1ebft th\u1ed1ng. Khi c\u00f3 th\u00eam m\u1eabu c\u1ee7a ng\u01b0\u1eddi m\u1eb9, ch\u00fang ta c\u00f3 th\u1ec3 lo\u1ea1i tr\u1eeb m\u1ed9t n\u1eeda ADN m\u00e0 \u0111\u1ee9a tr\u1ebb nh\u1eadn t\u1eeb m\u1eb9, t\u1eeb \u0111\u00f3 x\u00e1c \u0111\u1ecbnh r\u00f5 r\u00e0ng b\u1ed9 ADN c\u00f2n l\u1ea1i nh\u1eadn t\u1eeb cha \u0111\u1ec3 \u0111\u1ed1i chi\u1ebfu ch\u00ednh x\u00e1c v\u1edbi \u00f4ng b\u00e0 n\u1ed9i.<\/p>\t\t\t\t\t\t\t\t<\/div>\n\t\t\t\t\t<\/div>\n\t\t\t\t<\/div>\n\t\t\t\t<\/div>\n\t\t","protected":false},"excerpt":{"rendered":"<p>Trang ch\u1ee7 D\u1ecbch v\u1ee5 X\u00e9t nghi\u1ec7m DNA \u00f4ng b\u00e0 l\u00e0 ph\u01b0\u01a1ng ph\u00e1p nh\u1eb1m x\u00e1c minh li\u1ec7u c\u00f3 m\u1ed1i quan h\u1ec7 huy\u1ebft th\u1ed1ng gi\u1eefa \u00f4ng b\u00e0 v\u00e0 ch\u00e1u hay kh\u00f4ng. K\u1ebft qu\u1ea3 x\u00e9t nghi\u1ec7m n\u00e0y s\u1ebd \u0111\u01b0a ra ch\u1ec9 s\u1ed1 x\u00e1c su\u1ea5t th\u1ed1ng k\u00ea \u0111\u1ec3 x\u00e1c \u0111\u1ecbnh m\u1ed1i t\u01b0\u01a1ng quan di truy\u1ec1n gi\u1eefa \u00f4ng b\u00e0 v\u00e0 [&hellip;]<\/p>\n","protected":false},"author":1,"featured_media":0,"parent":0,"menu_order":0,"comment_status":"closed","ping_status":"closed","template":"","meta":{"footnotes":""},"class_list":["post-1164","page","type-page","status-publish","hentry"],"_links":{"self":[{"href":"https:\/\/dnathailand.com\/vi\/wp-json\/wp\/v2\/pages\/1164","targetHints":{"allow":["GET"]}}],"collection":[{"href":"https:\/\/dnathailand.com\/vi\/wp-json\/wp\/v2\/pages"}],"about":[{"href":"https:\/\/dnathailand.com\/vi\/wp-json\/wp\/v2\/types\/page"}],"author":[{"embeddable":true,"href":"https:\/\/dnathailand.com\/vi\/wp-json\/wp\/v2\/users\/1"}],"replies":[{"embeddable":true,"href":"https:\/\/dnathailand.com\/vi\/wp-json\/wp\/v2\/comments?post=1164"}],"version-history":[{"count":15,"href":"https:\/\/dnathailand.com\/vi\/wp-json\/wp\/v2\/pages\/1164\/revisions"}],"predecessor-version":[{"id":1993,"href":"https:\/\/dnathailand.com\/vi\/wp-json\/wp\/v2\/pages\/1164\/revisions\/1993"}],"wp:attachment":[{"href":"https:\/\/dnathailand.com\/vi\/wp-json\/wp\/v2\/media?parent=1164"}],"curies":[{"name":"wp","href":"https:\/\/api.w.org\/{rel}","templated":true}]}}