{"id":1160,"date":"2026-01-13T15:33:43","date_gmt":"2026-01-13T15:33:43","guid":{"rendered":"https:\/\/dnathailand.com\/%e0%b8%81%e0%b8%b2%e0%b8%a3%e0%b9%80%e0%b8%81%e0%b9%87%e0%b8%9a%e0%b8%95%e0%b8%b1%e0%b8%a7%e0%b8%ad%e0%b8%a2%e0%b9%88%e0%b8%b2%e0%b8%87-dna\/"},"modified":"2026-02-11T16:36:56","modified_gmt":"2026-02-11T16:36:56","slug":"%e0%b8%81%e0%b8%b2%e0%b8%a3%e0%b9%80%e0%b8%81%e0%b9%87%e0%b8%9a%e0%b8%95%e0%b8%b1%e0%b8%a7%e0%b8%ad%e0%b8%a2%e0%b9%88%e0%b8%b2%e0%b8%87-dna","status":"publish","type":"page","link":"https:\/\/dnathailand.com\/vi\/%e0%b8%81%e0%b8%b2%e0%b8%a3%e0%b9%80%e0%b8%81%e0%b9%87%e0%b8%9a%e0%b8%95%e0%b8%b1%e0%b8%a7%e0%b8%ad%e0%b8%a2%e0%b9%88%e0%b8%b2%e0%b8%87-dna\/","title":{"rendered":"H\u01b0\u1edbng d\u1eabn thu th\u1eadp m\u1eabu DNA"},"content":{"rendered":"\t\t<div data-elementor-type=\"wp-page\" data-elementor-id=\"1160\" class=\"elementor elementor-1160 elementor-13\" data-elementor-post-type=\"page\">\n\t\t\t\t<div class=\"elementor-element elementor-element-4510300 e-flex e-con-boxed e-con e-child\" data-id=\"4510300\" data-element_type=\"container\" data-settings=\"{&quot;background_background&quot;:&quot;classic&quot;}\">\n\t\t\t\t\t<div class=\"e-con-inner\">\n\t\t<div class=\"elementor-element elementor-element-1ecec2b e-con-full e-flex e-con e-child\" data-id=\"1ecec2b\" data-element_type=\"container\">\n\t\t\t\t<div class=\"elementor-element elementor-element-9b575b8 elementor-invisible elementor-widget elementor-widget-heading\" data-id=\"9b575b8\" data-element_type=\"widget\" data-settings=\"{&quot;_animation&quot;:&quot;fadeInRight&quot;}\" data-widget_type=\"heading.default\">\n\t\t\t\t\t<h1 class=\"elementor-heading-title elementor-size-default\">H\u01b0\u1edbng d\u1eabn thu th\u1eadp m\u1eabu DNA<\/h1>\t\t\t\t<\/div>\n\t\t\t\t<div class=\"elementor-element elementor-element-580bdba elementor-icon-list--layout-inline elementor-list-item-link-full_width elementor-invisible elementor-widget elementor-widget-icon-list\" data-id=\"580bdba\" data-element_type=\"widget\" data-settings=\"{&quot;_animation&quot;:&quot;fadeInRight&quot;,&quot;_animation_delay&quot;:240}\" data-widget_type=\"icon-list.default\">\n\t\t\t\t\t\t\t<ul class=\"elementor-icon-list-items elementor-inline-items\">\n\t\t\t\t\t\t\t<li class=\"elementor-icon-list-item elementor-inline-item\">\n\t\t\t\t\t\t\t\t\t\t\t<a href=\"#\">\n\n\t\t\t\t\t\t\t\t\t\t\t<span class=\"elementor-icon-list-text\">Trang ch\u1ee7<\/span>\n\t\t\t\t\t\t\t\t\t\t\t<\/a>\n\t\t\t\t\t\t\t\t\t<\/li>\n\t\t\t\t\t\t\t\t<li class=\"elementor-icon-list-item elementor-inline-item\">\n\t\t\t\t\t\t\t\t\t\t\t<span class=\"elementor-icon-list-icon\">\n\t\t\t\t\t\t\t<svg aria-hidden=\"true\" class=\"e-font-icon-svg e-fas-angle-double-right\" viewBox=\"0 0 448 512\" xmlns=\"http:\/\/www.w3.org\/2000\/svg\"><path d=\"M224.3 273l-136 136c-9.4 9.4-24.6 9.4-33.9 0l-22.6-22.6c-9.4-9.4-9.4-24.6 0-33.9l96.4-96.4-96.4-96.4c-9.4-9.4-9.4-24.6 0-33.9L54.3 103c9.4-9.4 24.6-9.4 33.9 0l136 136c9.5 9.4 9.5 24.6.1 34zm192-34l-136-136c-9.4-9.4-24.6-9.4-33.9 0l-22.6 22.6c-9.4 9.4-9.4 24.6 0 33.9l96.4 96.4-96.4 96.4c-9.4 9.4-9.4 24.6 0 33.9l22.6 22.6c9.4 9.4 24.6 9.4 33.9 0l136-136c9.4-9.2 9.4-24.4 0-33.8z\"><\/path><\/svg>\t\t\t\t\t\t<\/span>\n\t\t\t\t\t\t\t\t\t\t<span class=\"elementor-icon-list-text\">H\u01b0\u1edbng d\u1eabn thu th\u1eadp m\u1eabu DNA<\/span>\n\t\t\t\t\t\t\t\t\t<\/li>\n\t\t\t\t\t\t<\/ul>\n\t\t\t\t\t\t<\/div>\n\t\t\t\t<\/div>\n\t\t\t\t\t<\/div>\n\t\t\t\t<\/div>\n\t\t<div class=\"elementor-element elementor-element-9c73b76 e-flex e-con-boxed e-con e-parent\" data-id=\"9c73b76\" data-element_type=\"container\">\n\t\t\t\t\t<div class=\"e-con-inner\">\n\t\t\t\t<div class=\"elementor-element elementor-element-97c4453 elementor-widget elementor-widget-video\" data-id=\"97c4453\" data-element_type=\"widget\" data-settings=\"{&quot;youtube_url&quot;:&quot;https:\\\/\\\/www.youtube.com\\\/watch?v=0UuLy8dDsuA&quot;,&quot;video_type&quot;:&quot;youtube&quot;,&quot;controls&quot;:&quot;yes&quot;}\" data-widget_type=\"video.default\">\n\t\t\t\t\t\t\t<div class=\"elementor-wrapper elementor-open-inline\">\n\t\t\t<div class=\"elementor-video\"><\/div>\t\t<\/div>\n\t\t\t\t\t\t<\/div>\n\t\t\t\t\t<\/div>\n\t\t\t\t<\/div>\n\t\t<div class=\"elementor-element elementor-element-c5aa271 e-flex e-con-boxed e-con e-parent\" data-id=\"c5aa271\" data-element_type=\"container\">\n\t\t\t\t\t<div class=\"e-con-inner\">\n\t\t\t\t<div class=\"elementor-element elementor-element-0e91dfb elementor-widget elementor-widget-heading\" data-id=\"0e91dfb\" data-element_type=\"widget\" data-widget_type=\"heading.default\">\n\t\t\t\t\t<h4 class=\"elementor-heading-title elementor-size-default\">Quy tr\u00ecnh thu th\u1eadp m\u1eabu m\u00e1u \u0111\u1ec3 x\u00e9t nghi\u1ec7m DNA<\/h4>\t\t\t\t<\/div>\n\t\t\t\t<div class=\"elementor-element elementor-element-8c90c07 elementor-widget elementor-widget-text-editor\" data-id=\"8c90c07\" data-element_type=\"widget\" data-widget_type=\"text-editor.default\">\n\t\t\t\t\t\t\t\t\t<p data-path-to-node=\"4\">M\u00e1u c\u00f3 th\u1ec3 \u0111\u01b0\u1ee3c s\u1eed d\u1ee5ng l\u00e0m m\u1eabu th\u1eed cho x\u00e9t nghi\u1ec7m DNA d\u01b0\u1edbi nhi\u1ec1u h\u00ecnh th\u1ee9c nh\u01b0: m\u00e1u t\u01b0\u01a1i l\u1ea5y tr\u1ef1c ti\u1ebfp t\u1eeb c\u01a1 th\u1ec3, v\u1ebft m\u00e1u tr\u00ean v\u1eadt li\u1ec7u th\u1ea5m h\u00fat, ho\u1eb7c v\u1ebft m\u00e1u kh\u00f4.<\/p><p data-path-to-node=\"5\"><b data-path-to-node=\"5\" data-index-in-node=\"0\">Hi\u1ec7u qu\u1ea3 v\u00e0 \u0111\u1ed9 ch\u00ednh x\u00e1c:<\/b><\/p><ul data-path-to-node=\"6\"><li><p data-path-to-node=\"6,0,0\"><b data-path-to-node=\"6,0,0\" data-index-in-node=\"0\">M\u00e1u t\u01b0\u01a1i l\u1ea5y tr\u1ef1c ti\u1ebfp t\u1eeb c\u01a1 th\u1ec3:<\/b> L\u00e0 m\u1eabu th\u1eed c\u00f3 hi\u1ec7u qu\u1ea3 t\u1ed1t nh\u1ea5t v\u00e0 \u0111\u1ed9 ch\u00ednh x\u00e1c cao t\u01b0\u01a1ng \u0111\u01b0\u01a1ng v\u1edbi ph\u01b0\u01a1ng ph\u00e1p x\u00e9t nghi\u1ec7m b\u1eb1ng t\u1ebf b\u00e0o ni\u00eam m\u1ea1c mi\u1ec7ng.<\/p><\/li><li><p data-path-to-node=\"6,1,0\"><b data-path-to-node=\"6,1,0\" data-index-in-node=\"0\">V\u1ebft m\u00e1u kh\u00f4 ho\u1eb7c m\u00e1u tr\u00ean v\u1eadt li\u1ec7u th\u1ea5m h\u00fat:<\/b> \u0110\u1ed9 ch\u00ednh x\u00e1c c\u00f3 th\u1ec3 kh\u00f4ng \u1ed5n \u0111\u1ecbnh. \u0110i\u1ec1u n\u00e0y ph\u1ee5 thu\u1ed9c v\u00e0o \u0111i\u1ec1u ki\u1ec7n m\u00f4i tr\u01b0\u1eddng, m\u1ee9c \u0111\u1ed9 suy tho\u00e1i v\u00e0 s\u1ef1 nhi\u1ec5m b\u1ea9n, v\u1ed1n l\u00e0 nh\u1eefng tr\u1edf ng\u1ea1i trong vi\u1ec7c chi\u1ebft t\u00e1ch DNA.<\/p><\/li><\/ul>\t\t\t\t\t\t\t\t<\/div>\n\t\t\t\t\t<\/div>\n\t\t\t\t<\/div>\n\t\t<div class=\"elementor-element elementor-element-fc31bb0 e-flex e-con-boxed e-con e-parent\" data-id=\"fc31bb0\" data-element_type=\"container\">\n\t\t\t\t\t<div class=\"e-con-inner\">\n\t\t\t\t<div class=\"elementor-element elementor-element-e00b597 elementor-widget elementor-widget-heading\" data-id=\"e00b597\" data-element_type=\"widget\" data-widget_type=\"heading.default\">\n\t\t\t\t\t<h4 class=\"elementor-heading-title elementor-size-default\">Quy tr\u00ecnh thu th\u1eadp m\u1eabu n\u01b0\u1edbc \u1ed1i \u0111\u1ec3 x\u00e9t nghi\u1ec7m DNA<\/h4>\t\t\t\t<\/div>\n\t\t\t\t<div class=\"elementor-element elementor-element-9770fa9 elementor-widget elementor-widget-text-editor\" data-id=\"9770fa9\" data-element_type=\"widget\" data-widget_type=\"text-editor.default\">\n\t\t\t\t\t\t\t\t\t<p>N\u01b0\u1edbc \u1ed1i c\u00f3 th\u1ec3 \u0111\u01b0\u1ee3c s\u1eed d\u1ee5ng l\u00e0m m\u1eabu \u0111\u1ec3 x\u00e9t nghi\u1ec7m DNA. Kh\u00e1ch h\u00e0ng c\u1ea7n tham kh\u1ea3o \u00fd ki\u1ebfn \u200b\u200bb\u00e1c s\u0129 s\u1ea3n khoa\/ph\u1ee5 khoa \u0111\u1ec3 l\u1ea5y m\u1eabu n\u01b0\u1edbc \u1ed1i. Kho\u1ea3ng 1 mililit n\u01b0\u1edbc \u1ed1i s\u1ebd \u0111\u01b0\u1ee3c thu th\u1eadp v\u00e0o m\u1ed9t \u1ed1ng nghi\u1ec7m v\u00f4 tr\u00f9ng v\u00e0 g\u1eedi \u0111\u1ebfn ch\u00fang t\u00f4i. Trong qu\u00e1 tr\u00ecnh v\u1eadn chuy\u1ec3n, \u1ed1ng nghi\u1ec7m ch\u1ee9a m\u1eabu c\u1ea7n \u0111\u01b0\u1ee3c gi\u1eef trong h\u1ed9p gi\u1eef l\u1ea1nh \u1edf nhi\u1ec7t \u0111\u1ed9 kho\u1ea3ng 4-8\u00b0C. Kh\u00e1ch h\u00e0ng c\u1ea7n cung c\u1ea5p r\u00f5 r\u00e0ng t\u00ean v\u00e0 \u0111\u1ecba ch\u1ec9 \u0111\u1ec3 ch\u00fang t\u00f4i c\u00f3 th\u1ec3 li\u00ean h\u1ec7 v\u00e0 g\u1eedi k\u1ebft qu\u1ea3 x\u00e9t nghi\u1ec7m.<\/p>\t\t\t\t\t\t\t\t<\/div>\n\t\t\t\t\t<\/div>\n\t\t\t\t<\/div>\n\t\t<div class=\"elementor-element elementor-element-78695eb e-flex e-con-boxed e-con e-parent\" data-id=\"78695eb\" data-element_type=\"container\">\n\t\t\t\t\t<div class=\"e-con-inner\">\n\t\t\t\t<div class=\"elementor-element elementor-element-24dc3bb elementor-widget elementor-widget-heading\" data-id=\"24dc3bb\" data-element_type=\"widget\" data-widget_type=\"heading.default\">\n\t\t\t\t\t<h4 class=\"elementor-heading-title elementor-size-default\">C\u00e1ch thu th\u1eadp m\u1eabu DNA t\u1eeb m\u00f3ng tay.<\/h4>\t\t\t\t<\/div>\n\t\t\t\t<div class=\"elementor-element elementor-element-4f8c9a5 elementor-widget elementor-widget-text-editor\" data-id=\"4f8c9a5\" data-element_type=\"widget\" data-widget_type=\"text-editor.default\">\n\t\t\t\t\t\t\t\t\t<p>M\u00f3ng tay c\u00f3 th\u1ec3 \u0111\u01b0\u1ee3c s\u1eed d\u1ee5ng l\u00e0m m\u1eabu \u0111\u1ec3 x\u00e9t nghi\u1ec7m DNA. \u0110\u1ec3 \u0111\u1ea3m b\u1ea3o m\u1eabu c\u00f3 gi\u00e1 tr\u1ecb, m\u00f3ng tay n\u00ean \u0111\u01b0\u1ee3c c\u1eaft tr\u1ef1c ti\u1ebfp t\u1eeb b\u00e0n tay ho\u1eb7c b\u00e0n ch\u00e2n, tr\u00e1nh ti\u1ebfp x\u00fac tr\u1ef1c ti\u1ebfp v\u1edbi c\u00e1c m\u1ea3nh m\u00f3ng \u0111\u00e3 c\u1eaft \u0111\u1ec3 ng\u0103n ng\u1eeba \u00f4 nhi\u1ec5m.<\/p><p>Quy tr\u00ecnh thu th\u1eadp m\u1eabu m\u00f3ng tay nh\u01b0 sau:<\/p><p>\u0110eo g\u0103ng tay tr\u01b0\u1edbc khi thu th\u1eadp m\u1eabu \u0111\u1ec3 ng\u0103n ng\u1eeba \u00f4 nhi\u1ec5m.<\/p><p>Cho m\u1eabu v\u00e0o t\u00fai nh\u1ef1a s\u1ea1ch, k\u00edn. Sau \u0111\u00f3, g\u1eedi m\u1eabu cho ch\u00fang t\u00f4i.<\/p><p>Khi g\u1eedi m\u1eabu \u0111\u1ebfn c\u00f4ng ty, kh\u00e1ch h\u00e0ng ph\u1ea3i cung c\u1ea5p r\u00f5 r\u00e0ng t\u00ean v\u00e0 \u0111\u1ecba ch\u1ec9 \u0111\u1ec3 ch\u00fang t\u00f4i c\u00f3 th\u1ec3 li\u00ean h\u1ec7 v\u00e0 g\u1eedi k\u1ebft qu\u1ea3 x\u00e9t nghi\u1ec7m.<\/p>\t\t\t\t\t\t\t\t<\/div>\n\t\t\t\t\t<\/div>\n\t\t\t\t<\/div>\n\t\t<div class=\"elementor-element elementor-element-d859eeb e-flex e-con-boxed e-con e-parent\" data-id=\"d859eeb\" data-element_type=\"container\">\n\t\t\t\t\t<div class=\"e-con-inner\">\n\t\t\t\t<div class=\"elementor-element elementor-element-ed2ae32 elementor-widget elementor-widget-heading\" data-id=\"ed2ae32\" data-element_type=\"widget\" data-widget_type=\"heading.default\">\n\t\t\t\t\t<h4 class=\"elementor-heading-title elementor-size-default\">C\u00e1ch thu th\u1eadp m\u1eabu DNA t\u1eeb t\u00e0n thu\u1ed1c l\u00e1.<\/h4>\t\t\t\t<\/div>\n\t\t\t\t<div class=\"elementor-element elementor-element-b047193 elementor-widget elementor-widget-text-editor\" data-id=\"b047193\" data-element_type=\"widget\" data-widget_type=\"text-editor.default\">\n\t\t\t\t\t\t\t\t\t<p>T\u00e0n thu\u1ed1c l\u00e1 c\u00f3 th\u1ec3 \u0111\u01b0\u1ee3c s\u1eed d\u1ee5ng l\u00e0m m\u1eabu \u0111\u1ec3 x\u00e9t nghi\u1ec7m DNA v\u00ec ch\u00fang ch\u1ee9a DNA c\u1ee7a ng\u01b0\u1eddi s\u1eed d\u1ee5ng. L\u01b0\u1ee3ng DNA thu \u0111\u01b0\u1ee3c ph\u1ee5 thu\u1ed9c v\u00e0o s\u1ed1 l\u01b0\u1ee3ng t\u00e0n thu\u1ed1c thu th\u1eadp \u0111\u01b0\u1ee3c v\u00e0 ph\u01b0\u01a1ng ph\u00e1p thu th\u1eadp ch\u00ednh x\u00e1c, v\u00e0 quan tr\u1ecdng h\u01a1n, m\u1eabu ph\u1ea3i kh\u00f4ng b\u1ecb nhi\u1ec5m b\u1ea9n. Ph\u01b0\u01a1ng ph\u00e1p thu th\u1eadp ch\u00ednh x\u00e1c l\u00e0:<\/p><ol><li>Lu\u00f4n \u0111eo g\u0103ng tay khi thu th\u1eadp m\u1eabu \u0111\u1ec3 tr\u00e1nh nhi\u1ec5m b\u1ea9n.<\/li><li>Thu th\u1eadp 3-5 t\u00e0n thu\u1ed1c t\u1eeb g\u1ea1t t\u00e0n; \u0111i\u1ec1u n\u00e0y s\u1ebd cung c\u1ea5p m\u1ed9t m\u1eabu \u0111\u1ea7y \u0111\u1ee7 h\u01a1n so v\u1edbi vi\u1ec7c thu th\u1eadp t\u1eeb nh\u1eefng n\u01a1i kh\u00e1c.<\/li><\/ol><p>Cho m\u1eabu t\u00e0n thu\u1ed1c v\u00e0o t\u00fai nh\u1ef1a v\u00e0 g\u1eedi \u0111\u1ebfn c\u00f4ng ty.<\/p>\t\t\t\t\t\t\t\t<\/div>\n\t\t\t\t\t<\/div>\n\t\t\t\t<\/div>\n\t\t<div class=\"elementor-element elementor-element-631c45c e-flex e-con-boxed e-con e-parent\" data-id=\"631c45c\" data-element_type=\"container\">\n\t\t\t\t\t<div class=\"e-con-inner\">\n\t\t\t\t<div class=\"elementor-element elementor-element-2f7f8e4 elementor-widget elementor-widget-heading\" data-id=\"2f7f8e4\" data-element_type=\"widget\" data-widget_type=\"heading.default\">\n\t\t\t\t\t<h4 class=\"elementor-heading-title elementor-size-default\">C\u00e1ch thu th\u1eadp m\u1eabu DNA t\u1eeb b\u00e0n ch\u1ea3i \u0111\u00e1nh r\u0103ng.<\/h4>\t\t\t\t<\/div>\n\t\t\t\t<div class=\"elementor-element elementor-element-899ac48 elementor-widget elementor-widget-text-editor\" data-id=\"899ac48\" data-element_type=\"widget\" data-widget_type=\"text-editor.default\">\n\t\t\t\t\t\t\t\t\t<p>B\u00e0n ch\u1ea3i \u0111\u00e1nh r\u0103ng c\u00f3 th\u1ec3 \u0111\u01b0\u1ee3c s\u1eed d\u1ee5ng l\u00e0m m\u1eabu \u0111\u1ec3 x\u00e9t nghi\u1ec7m DNA n\u1ebfu ch\u00fang kh\u00f4ng b\u1ecb nhi\u1ec5m b\u1ea9n, v\u00ec b\u00e0n ch\u1ea3i \u0111\u00e1nh r\u0103ng \u0111\u00e3 qua s\u1eed d\u1ee5ng c\u00f3 ch\u1ee9a DNA tr\u00ean l\u00f4ng b\u00e0n ch\u1ea3i. B\u00e0n ch\u1ea3i \u0111\u00e1nh r\u0103ng \u0111\u01b0\u1ee3c s\u1eed d\u1ee5ng l\u00e0m m\u1eabu ph\u1ea3i \u0111\u01b0\u1ee3c s\u1eed d\u1ee5ng \u00edt nh\u1ea5t hai th\u00e1ng v\u00e0 kh\u00f4ng \u0111\u01b0\u1ee3c d\u00f9ng chung v\u1edbi ng\u01b0\u1eddi kh\u00e1c. L\u01b0\u1ee3ng DNA s\u1ebd ph\u1ee5 thu\u1ed9c v\u00e0o th\u1eddi gian s\u1eed d\u1ee5ng v\u00e0 c\u00e1ch thu th\u1eadp m\u1eabu \u0111\u00fang c\u00e1ch, theo c\u00e1c b\u01b0\u1edbc sau:<\/p><ol><li>\u0110eo g\u0103ng tay khi thu th\u1eadp m\u1eabu b\u00e0n ch\u1ea3i \u0111\u00e1nh r\u0103ng \u0111\u1ec3 tr\u00e1nh nhi\u1ec5m b\u1ea9n (tr\u00e1nh ch\u1ea1m v\u00e0o l\u00f4ng b\u00e0n ch\u1ea3i).<\/li><li>\u0110\u1ec3 b\u00e0n ch\u1ea3i \u0111\u00e1nh r\u0103ng kh\u00f4 ho\u00e0n to\u00e0n b\u1eb1ng c\u00e1ch \u0111\u1eb7t l\u00f4ng b\u00e0n ch\u1ea3i th\u1eb3ng \u0111\u1ee9ng trong c\u1ed1c n\u01b0\u1edbc kho\u1ea3ng m\u1ed9t gi\u1edd.<\/li><li>\u0110eo g\u0103ng tay l\u1ea1i v\u00e0 \u0111\u00f3ng g\u00f3i b\u00e0n ch\u1ea3i \u0111\u00e1nh r\u0103ng \u0111\u00e3 kh\u00f4 v\u00e0o t\u00fai\/phong b\u00ec nh\u1ef1a \u0111\u1ec3 g\u1eedi \u0111\u1ebfn c\u00f4ng ty.<\/li><\/ol>\t\t\t\t\t\t\t\t<\/div>\n\t\t\t\t\t<\/div>\n\t\t\t\t<\/div>\n\t\t<div class=\"elementor-element elementor-element-c8c4d2e e-flex e-con-boxed e-con e-parent\" data-id=\"c8c4d2e\" data-element_type=\"container\">\n\t\t\t\t\t<div class=\"e-con-inner\">\n\t\t\t\t<div class=\"elementor-element elementor-element-b4d1608 elementor-widget elementor-widget-heading\" data-id=\"b4d1608\" data-element_type=\"widget\" data-widget_type=\"heading.default\">\n\t\t\t\t\t<h4 class=\"elementor-heading-title elementor-size-default\">Qu\u00e1 tr\u00ecnh thu th\u1eadp m\u1eabu DNA t\u1eeb nang t\u00f3c.<\/h4>\t\t\t\t<\/div>\n\t\t\t\t<div class=\"elementor-element elementor-element-40b2356 elementor-widget elementor-widget-text-editor\" data-id=\"40b2356\" data-element_type=\"widget\" data-widget_type=\"text-editor.default\">\n\t\t\t\t\t\t\t\t\t<p>X\u00e9t nghi\u1ec7m DNA ch\u1ec9 c\u1ea7n m\u1eabu t\u00f3c c\u00f3 c\u1ea3 ch\u00e2n t\u00f3c, th\u1ef1c hi\u1ec7n theo c\u00e1c b\u01b0\u1edbc sau:<\/p><ol><li>\u0110eo g\u0103ng tay khi thu th\u1eadp m\u1eabu \u0111\u1ec3 tr\u00e1nh nhi\u1ec5m b\u1ea9n v\u00e0 tr\u00e1nh ch\u1ea1m v\u00e0o ch\u00e2n t\u00f3c.<\/li><li>S\u1eed d\u1ee5ng 8-10 ch\u00e2n t\u00f3c.<\/li><li>Cho m\u1eabu ch\u00e2n t\u00f3c v\u00e0o t\u00fai nh\u1ef1a \u0111\u1ec3 g\u1eedi \u0111\u1ebfn c\u00f4ng ty.<\/li><\/ol>\t\t\t\t\t\t\t\t<\/div>\n\t\t\t\t\t<\/div>\n\t\t\t\t<\/div>\n\t\t\t\t<\/div>\n\t\t","protected":false},"excerpt":{"rendered":"<p>Trang ch\u1ee7 https:\/\/www.youtube.com\/watch?v=0UuLy8dDsuA Quy tr\u00ecnh thu th\u1eadp m\u1eabu m\u00e1u \u0111\u1ec3 x\u00e9t nghi\u1ec7m DNA M\u00e1u c\u00f3 th\u1ec3 \u0111\u01b0\u1ee3c s\u1eed d\u1ee5ng l\u00e0m m\u1eabu th\u1eed cho x\u00e9t nghi\u1ec7m DNA d\u01b0\u1edbi nhi\u1ec1u h\u00ecnh th\u1ee9c nh\u01b0: m\u00e1u t\u01b0\u01a1i l\u1ea5y tr\u1ef1c ti\u1ebfp t\u1eeb c\u01a1 th\u1ec3, v\u1ebft m\u00e1u tr\u00ean v\u1eadt li\u1ec7u th\u1ea5m h\u00fat, ho\u1eb7c v\u1ebft m\u00e1u kh\u00f4. Hi\u1ec7u qu\u1ea3 v\u00e0 \u0111\u1ed9 ch\u00ednh [&hellip;]<\/p>\n","protected":false},"author":1,"featured_media":0,"parent":0,"menu_order":0,"comment_status":"closed","ping_status":"closed","template":"","meta":{"footnotes":""},"class_list":["post-1160","page","type-page","status-publish","hentry"],"_links":{"self":[{"href":"https:\/\/dnathailand.com\/vi\/wp-json\/wp\/v2\/pages\/1160","targetHints":{"allow":["GET"]}}],"collection":[{"href":"https:\/\/dnathailand.com\/vi\/wp-json\/wp\/v2\/pages"}],"about":[{"href":"https:\/\/dnathailand.com\/vi\/wp-json\/wp\/v2\/types\/page"}],"author":[{"embeddable":true,"href":"https:\/\/dnathailand.com\/vi\/wp-json\/wp\/v2\/users\/1"}],"replies":[{"embeddable":true,"href":"https:\/\/dnathailand.com\/vi\/wp-json\/wp\/v2\/comments?post=1160"}],"version-history":[{"count":15,"href":"https:\/\/dnathailand.com\/vi\/wp-json\/wp\/v2\/pages\/1160\/revisions"}],"predecessor-version":[{"id":2003,"href":"https:\/\/dnathailand.com\/vi\/wp-json\/wp\/v2\/pages\/1160\/revisions\/2003"}],"wp:attachment":[{"href":"https:\/\/dnathailand.com\/vi\/wp-json\/wp\/v2\/media?parent=1160"}],"curies":[{"name":"wp","href":"https:\/\/api.w.org\/{rel}","templated":true}]}}