{"id":1154,"date":"2026-01-13T15:34:16","date_gmt":"2026-01-13T15:34:16","guid":{"rendered":"https:\/\/dnathailand.com\/%e0%b8%82%e0%b8%b1%e0%b9%89%e0%b8%99%e0%b8%95%e0%b8%ad%e0%b8%99%e0%b8%81%e0%b8%b2%e0%b8%a3%e0%b9%80%e0%b8%82%e0%b9%89%e0%b8%b2%e0%b8%a3%e0%b8%b1%e0%b8%9a%e0%b8%9a%e0%b8%a3%e0%b8%b4%e0%b8%81%e0%b8%b2\/"},"modified":"2026-02-11T15:52:44","modified_gmt":"2026-02-11T15:52:44","slug":"%e0%b8%82%e0%b8%b1%e0%b9%89%e0%b8%99%e0%b8%95%e0%b8%ad%e0%b8%99%e0%b8%81%e0%b8%b2%e0%b8%a3%e0%b9%80%e0%b8%82%e0%b9%89%e0%b8%b2%e0%b8%a3%e0%b8%b1%e0%b8%9a%e0%b8%9a%e0%b8%a3%e0%b8%b4%e0%b8%81%e0%b8%b2","status":"publish","type":"page","link":"https:\/\/dnathailand.com\/vi\/%e0%b8%82%e0%b8%b1%e0%b9%89%e0%b8%99%e0%b8%95%e0%b8%ad%e0%b8%99%e0%b8%81%e0%b8%b2%e0%b8%a3%e0%b9%80%e0%b8%82%e0%b9%89%e0%b8%b2%e0%b8%a3%e0%b8%b1%e0%b8%9a%e0%b8%9a%e0%b8%a3%e0%b8%b4%e0%b8%81%e0%b8%b2\/","title":{"rendered":"Quy tr\u00ecnh d\u1ecbch v\u1ee5"},"content":{"rendered":"\t\t<div data-elementor-type=\"wp-page\" data-elementor-id=\"1154\" class=\"elementor elementor-1154 elementor-16\" data-elementor-post-type=\"page\">\n\t\t\t\t<div class=\"elementor-element elementor-element-7f9afd3 e-con-full e-flex e-con e-parent\" data-id=\"7f9afd3\" data-element_type=\"container\" data-settings=\"{&quot;background_background&quot;:&quot;classic&quot;}\">\n\t\t<div class=\"elementor-element elementor-element-837f01d e-flex e-con-boxed e-con e-child\" data-id=\"837f01d\" data-element_type=\"container\" data-settings=\"{&quot;background_background&quot;:&quot;classic&quot;}\">\n\t\t\t\t\t<div class=\"e-con-inner\">\n\t\t<div class=\"elementor-element elementor-element-17412ba e-con-full e-flex e-con e-child\" data-id=\"17412ba\" data-element_type=\"container\">\n\t\t\t\t<div class=\"elementor-element elementor-element-ed1b70b elementor-invisible elementor-widget elementor-widget-heading\" data-id=\"ed1b70b\" data-element_type=\"widget\" data-settings=\"{&quot;_animation&quot;:&quot;fadeInRight&quot;}\" data-widget_type=\"heading.default\">\n\t\t\t\t\t<h1 class=\"elementor-heading-title elementor-size-default\">Quy tr\u00ecnh d\u1ecbch v\u1ee5<\/h1>\t\t\t\t<\/div>\n\t\t\t\t<div class=\"elementor-element elementor-element-1229cb7 elementor-icon-list--layout-inline elementor-list-item-link-full_width elementor-invisible elementor-widget elementor-widget-icon-list\" data-id=\"1229cb7\" data-element_type=\"widget\" data-settings=\"{&quot;_animation&quot;:&quot;fadeInRight&quot;,&quot;_animation_delay&quot;:240}\" data-widget_type=\"icon-list.default\">\n\t\t\t\t\t\t\t<ul class=\"elementor-icon-list-items elementor-inline-items\">\n\t\t\t\t\t\t\t<li class=\"elementor-icon-list-item elementor-inline-item\">\n\t\t\t\t\t\t\t\t\t\t\t<a href=\"#\">\n\n\t\t\t\t\t\t\t\t\t\t\t<span class=\"elementor-icon-list-text\">Home<\/span>\n\t\t\t\t\t\t\t\t\t\t\t<\/a>\n\t\t\t\t\t\t\t\t\t<\/li>\n\t\t\t\t\t\t\t\t<li class=\"elementor-icon-list-item elementor-inline-item\">\n\t\t\t\t\t\t\t\t\t\t\t<span class=\"elementor-icon-list-icon\">\n\t\t\t\t\t\t\t<svg aria-hidden=\"true\" class=\"e-font-icon-svg e-fas-angle-double-right\" viewBox=\"0 0 448 512\" xmlns=\"http:\/\/www.w3.org\/2000\/svg\"><path d=\"M224.3 273l-136 136c-9.4 9.4-24.6 9.4-33.9 0l-22.6-22.6c-9.4-9.4-9.4-24.6 0-33.9l96.4-96.4-96.4-96.4c-9.4-9.4-9.4-24.6 0-33.9L54.3 103c9.4-9.4 24.6-9.4 33.9 0l136 136c9.5 9.4 9.5 24.6.1 34zm192-34l-136-136c-9.4-9.4-24.6-9.4-33.9 0l-22.6 22.6c-9.4 9.4-9.4 24.6 0 33.9l96.4 96.4-96.4 96.4c-9.4 9.4-9.4 24.6 0 33.9l22.6 22.6c9.4 9.4 24.6 9.4 33.9 0l136-136c9.4-9.2 9.4-24.4 0-33.8z\"><\/path><\/svg>\t\t\t\t\t\t<\/span>\n\t\t\t\t\t\t\t\t\t\t<span class=\"elementor-icon-list-text\">Quy tr\u00ecnh d\u1ecbch v\u1ee5<\/span>\n\t\t\t\t\t\t\t\t\t<\/li>\n\t\t\t\t\t\t<\/ul>\n\t\t\t\t\t\t<\/div>\n\t\t\t\t<\/div>\n\t\t\t\t\t<\/div>\n\t\t\t\t<\/div>\n\t\t\t\t<\/div>\n\t\t<div class=\"elementor-element elementor-element-466ec73 e-flex e-con-boxed e-con e-parent\" data-id=\"466ec73\" data-element_type=\"container\">\n\t\t\t\t\t<div class=\"e-con-inner\">\n\t\t\t\t<div class=\"elementor-element elementor-element-855c5fe elementor-widget elementor-widget-text-editor\" data-id=\"855c5fe\" data-element_type=\"widget\" data-widget_type=\"text-editor.default\">\n\t\t\t\t\t\t\t\t\t<div id=\"model-response-message-contentr_55fb45ea3dd6ea79\" class=\"markdown markdown-main-panel stronger enable-updated-hr-color\" dir=\"ltr\" aria-live=\"polite\" aria-busy=\"false\">\n<p data-path-to-node=\"0\"><b data-path-to-node=\"2\" data-index-in-node=\"0\">Quy tr\u00ecnh d\u1ecbch v\u1ee5 (Quy tr\u00ecnh 5 b\u01b0\u1edbc)<\/b><\/p>\n<p data-path-to-node=\"3\"><b data-path-to-node=\"3\" data-index-in-node=\"0\">B\u01b0\u1edbc 1: \u0110\u1eb7t l\u1ecbch h\u1eb9n<\/b><\/p>\n<ul data-path-to-node=\"4\">\n<li>\n<p data-path-to-node=\"4,0,0\">Vui l\u00f2ng h\u1eb9n tr\u01b0\u1edbc \u00edt nh\u1ea5t 1 ng\u00e0y qua:<\/p>\n<\/li>\n<li>\n<p data-path-to-node=\"4,1,0\">Hotline: <b data-path-to-node=\"4,1,0\" data-index-in-node=\"9\">098-5569644<\/b><\/p>\n<\/li>\n<li>\n<p data-path-to-node=\"4,2,0\">Line ID: <b data-path-to-node=\"4,2,0\" data-index-in-node=\"9\">dtl.dnathailand<\/b><\/p>\n<\/li>\n<\/ul>\n<p data-path-to-node=\"5\"><b data-path-to-node=\"5\" data-index-in-node=\"0\">B\u01b0\u1edbc 2: Ch\u1ecdn h\u00ecnh th\u1ee9c x\u00e9t nghi\u1ec7m<\/b><\/p>\n<ul data-path-to-node=\"6\">\n<li>\n<p data-path-to-node=\"6,0,0\"><b data-path-to-node=\"6,0,0\" data-index-in-node=\"0\">2.1 X\u00e9t nghi\u1ec7m c\u00e1 nh\u00e2n (Bi\u1ebft k\u1ebft qu\u1ea3 n\u1ed9i b\u1ed9):<\/b> Kh\u00f4ng d\u00f9ng cho ph\u00e1p l\u00fd. C\u00f3 th\u1ec3 t\u1ef1 l\u1ea5y m\u1eabu t\u1ea1i nh\u00e0.<\/p>\n<ul data-path-to-node=\"6,0,1\">\n<li>\n<p data-path-to-node=\"6,0,1,0,0\"><i data-path-to-node=\"6,0,1,0,0\" data-index-in-node=\"0\">Mi\u1ec5n ph\u00ed g\u1eedi b\u1ed9 d\u1ee5ng c\u1ee5 (DNA Test Kit) v\u00e0 h\u01b0\u1edbng d\u1eabn t\u1eadn nh\u00e0!<\/i><\/p>\n<\/li>\n<\/ul>\n<\/li>\n<li>\n<p data-path-to-node=\"6,1,0\"><b data-path-to-node=\"6,1,0\" data-index-in-node=\"0\">2.2 X\u00e9t nghi\u1ec7m h\u00e0nh ch\u00ednh (Ph\u00e1p l\u00fd):<\/b> D\u00f9ng cho c\u01a1 quan nh\u00e0 n\u01b0\u1edbc. Nh\u00e2n vi\u00ean y t\u1ebf ph\u1ea3i l\u00e0 ng\u01b0\u1eddi tr\u1ef1c ti\u1ebfp l\u1ea5y m\u1eabu.<\/p>\n<ul data-path-to-node=\"6,1,1\">\n<li>\n<p data-path-to-node=\"6,1,1,0,0\"><i data-path-to-node=\"6,1,1,0,0\" data-index-in-node=\"0\">Gi\u1ea5y t\u1edd c\u1ea7n thi\u1ebft:<\/i> CCCD\/Passport (B\u1ed1\/M\u1eb9) v\u00e0 Gi\u1ea5y khai sinh (Con).<\/p>\n<\/li>\n<\/ul>\n<\/li>\n<\/ul>\n<p data-path-to-node=\"7\"><b data-path-to-node=\"7\" data-index-in-node=\"0\">B\u01b0\u1edbc 3: Ch\u1ecdn ph\u01b0\u01a1ng th\u1ee9c nh\u1eadn k\u1ebft qu\u1ea3<\/b><\/p>\n<ul data-path-to-node=\"8\">\n<li>\n<p data-path-to-node=\"8,0,0\">Nh\u1eadn th\u00f4ng b\u00e1o qua \u0111i\u1ec7n tho\u1ea1i, Email ho\u1eb7c b\u01b0u \u0111i\u1ec7n theo y\u00eau c\u1ea7u.<\/p>\n<\/li>\n<\/ul>\n<p data-path-to-node=\"9\"><b data-path-to-node=\"9\" data-index-in-node=\"0\">B\u01b0\u1edbc 4: Th\u1eddi gian tr\u1ea3 k\u1ebft qu\u1ea3<\/b><\/p>\n<ul data-path-to-node=\"10\">\n<li>\n<p data-path-to-node=\"10,0,0\">Nh\u1eadn k\u1ebft qu\u1ea3 trong <b data-path-to-node=\"10,0,0\" data-index-in-node=\"19\">1 &#8211; 3 ng\u00e0y l\u00e0m vi\u1ec7c<\/b> (Kh\u00f4ng t\u00ednh ng\u00e0y l\u1ea5y m\u1eabu ho\u1eb7c ng\u00e0y thanh to\u00e1n).<\/p>\n<\/li>\n<\/ul>\n<p data-path-to-node=\"11\"><b data-path-to-node=\"11\" data-index-in-node=\"0\">B\u01b0\u1edbc 5: Nh\u1eadn b\u00e1o c\u00e1o ch\u00ednh th\u1ee9c<\/b><\/p>\n<ul data-path-to-node=\"12\">\n<li>\n<p data-path-to-node=\"12,0,0\">G\u1eedi b\u1ea3n g\u1ed1c \u0111\u1ebfn \u0111\u1ecba ch\u1ec9 qu\u00fd kh\u00e1ch \u0111\u00e3 cung c\u1ea5p.<\/p>\n<\/li>\n<\/ul>\n<h3 data-path-to-node=\"14\"><b data-path-to-node=\"14\" data-index-in-node=\"0\">L\u1eddi khuy\u00ean th\u00eam (L\u01b0u \u00fd):<\/b><\/h3>\n<ul data-path-to-node=\"15\">\n<li>\n<p data-path-to-node=\"15,0,0\"><b data-path-to-node=\"15,0,0\" data-index-in-node=\"0\">Chu\u1ea9n b\u1ecb:<\/b> Ng\u01b0ng \u0103n u\u1ed1ng, s\u1eefa (tr\u1eeb n\u01b0\u1edbc l\u1ecdc) \u00edt nh\u1ea5t <b data-path-to-node=\"15,0,0\" data-index-in-node=\"52\">30 ph\u00fat<\/b> tr\u01b0\u1edbc khi l\u1ea5y m\u1eabu.<\/p>\n<\/li>\n<li>\n<p data-path-to-node=\"15,1,0\"><b data-path-to-node=\"15,1,0\" data-index-in-node=\"0\">D\u1ecbch v\u1ee5 t\u1eadn n\u01a1i:<\/b> C\u00f3 d\u1ecbch v\u1ee5 l\u1ea5y m\u1eabu t\u1ea1i nh\u00e0 (c\u00f3 ph\u1ee5 ph\u00ed) ho\u1eb7c t\u1ea1i <a href=\"https:\/\/dnathailand.com\/vi\/dna-testing-laboratory\/\">h\u1ec7 th\u1ed1ng ph\u00f2ng kh\u00e1m li\u00ean k\u1ebft g\u1ea7n nh\u00e0 b\u1ea1n nh\u1ea5t.<\/a><b data-path-to-node=\"20\" data-index-in-node=\"0\"><\/b><\/p>\n<\/li>\n<\/ul>\n<\/div>\t\t\t\t\t\t\t\t<\/div>\n\t\t\t\t\t<\/div>\n\t\t\t\t<\/div>\n\t\t\t\t<\/div>\n\t\t","protected":false},"excerpt":{"rendered":"<p>Home Quy tr\u00ecnh d\u1ecbch v\u1ee5 (Quy tr\u00ecnh 5 b\u01b0\u1edbc) B\u01b0\u1edbc 1: \u0110\u1eb7t l\u1ecbch h\u1eb9n Vui l\u00f2ng h\u1eb9n tr\u01b0\u1edbc \u00edt nh\u1ea5t 1 ng\u00e0y qua: Hotline: 098-5569644 Line ID: dtl.dnathailand B\u01b0\u1edbc 2: Ch\u1ecdn h\u00ecnh th\u1ee9c x\u00e9t nghi\u1ec7m 2.1 X\u00e9t nghi\u1ec7m c\u00e1 nh\u00e2n (Bi\u1ebft k\u1ebft qu\u1ea3 n\u1ed9i b\u1ed9): Kh\u00f4ng d\u00f9ng cho ph\u00e1p l\u00fd. C\u00f3 th\u1ec3 t\u1ef1 l\u1ea5y m\u1eabu [&hellip;]<\/p>\n","protected":false},"author":1,"featured_media":0,"parent":0,"menu_order":0,"comment_status":"closed","ping_status":"closed","template":"","meta":{"footnotes":""},"class_list":["post-1154","page","type-page","status-publish","hentry"],"_links":{"self":[{"href":"https:\/\/dnathailand.com\/vi\/wp-json\/wp\/v2\/pages\/1154","targetHints":{"allow":["GET"]}}],"collection":[{"href":"https:\/\/dnathailand.com\/vi\/wp-json\/wp\/v2\/pages"}],"about":[{"href":"https:\/\/dnathailand.com\/vi\/wp-json\/wp\/v2\/types\/page"}],"author":[{"embeddable":true,"href":"https:\/\/dnathailand.com\/vi\/wp-json\/wp\/v2\/users\/1"}],"replies":[{"embeddable":true,"href":"https:\/\/dnathailand.com\/vi\/wp-json\/wp\/v2\/comments?post=1154"}],"version-history":[{"count":12,"href":"https:\/\/dnathailand.com\/vi\/wp-json\/wp\/v2\/pages\/1154\/revisions"}],"predecessor-version":[{"id":1950,"href":"https:\/\/dnathailand.com\/vi\/wp-json\/wp\/v2\/pages\/1154\/revisions\/1950"}],"wp:attachment":[{"href":"https:\/\/dnathailand.com\/vi\/wp-json\/wp\/v2\/media?parent=1154"}],"curies":[{"name":"wp","href":"https:\/\/api.w.org\/{rel}","templated":true}]}}